{"id":1182,"date":"2025-02-13T16:09:47","date_gmt":"2025-02-13T16:09:47","guid":{"rendered":"https:\/\/www.pebayle.fr\/?page_id=1182"},"modified":"2025-02-18T14:35:17","modified_gmt":"2025-02-18T14:35:17","slug":"restauration-de-photos-anciennes","status":"publish","type":"page","link":"https:\/\/www.pebayle.fr\/index.php\/restauration-de-photos-anciennes\/","title":{"rendered":"Restaurez vos souvenirs : redonnez vie \u00e0 vos photos anciennes"},"content":{"rendered":"\n<div class=\"wp-block-group alignwide has-vertical-primary-secondary-gradient-background has-background is-layout-flow wp-container-core-group-is-layout-1afbeed6 wp-block-group-is-layout-flow\" style=\"margin-top:0px;margin-bottom:0px;padding-top:0px;padding-right:0px;padding-bottom:0px;padding-left:0px\">\n<div style=\"height:10px\" aria-hidden=\"true\" class=\"wp-block-spacer\"><\/div>\n<\/div>\n\n\n\n\t\t\t\n\t<style type=\"text\/css\">\n\t\t.slider-info-1225.bafg-slider-info .bafg-slider-title {\n\t\t\t\t\t\t\tfont-size:\n\t\t\t\t\t22px\t\t\t\t;\n\t\t\t\n\t\t\t\n\t\t\t\t\t}\n\n\t\t.slider-info-1225.bafg-slider-info .bafg-slider-description {\n\t\t\t\n\t\t\t\n\t\t\t\t\t}\n\t\t\n\t\t\n\t\t.slider-info-1225.bafg-slider-info .bafg_slider_readmore_button {\n\t\t\t\n\t\t\t\n\t\t\t\n\t\t\t\n\t\t\t\n\t\t\ttext-align: center;\n\n\t\t\t\n\t\t\t\n\t\t\t\n\t\t\t\n\t\t\t\t\t}\n\n\t\t.slider-info-1225.bafg-slider-info .bafg_slider_readmore_button:hover {\n\n\t\t\t\n\t\t\t\n\t\t\t\t\t}\n\t<\/style>\n\t\n\t\t\t<div class=\"bafg-twentytwenty-container slider-1225  \"\n\t\t\t\tbafg-orientation=\"horizontal\" bafg-default-offset=\"0.5\"\n\t\t\t\tbafg-before-label=\"Avant\"\n\t\t\t\tbafg-after-label=\"Apr\u00e9s\" bafg-overlay=\"1\"\n\t\t\t\tbafg-move-slider-on-hover=\"\"\n\t\t\t\tbafg-click-to-move=\"\">\n\n\t\t\t\t\t\t\t\t<img class=\"skip-lazy\" data-skip-lazy\t\t\t\t\tsrc=\"https:\/\/www.pebayle.fr\/wp-content\/uploads\/2025\/02\/1933-ori.jpg\" alt=\"\">\n\t\t\t\t<img class=\"skip-lazy\" data-skip-lazy\t\t\t\t\tsrc=\"https:\/\/www.pebayle.fr\/wp-content\/uploads\/2025\/02\/1933.jpg\" alt=\"\">\n\n\t\t\t<\/div>\n\n\t\t\t\t<div class=\"bafg-slider-info-wraper\">\n\t\t<div style=\"\" class=\"slider-info-1225 bafg-slider-info\">\n\t\t\t\t\t<\/div>\n\t<\/div>\n\t\n\t\t\t<style type=\"text\/css\">\n\t\t\t\t\t\t\t\t\t.slider-1225 \t\t\t\t\t.twentytwenty-before-label::before {\n\t\t\t\t\t\tbackground:\n\t\t\t\t\t\t\t#140d00\t\t\t\t\t\t;\n\t\t\t\t\t\tcolor:\n\t\t\t\t\t\t\t#ddab5f\t\t\t\t\t\t;\n\t\t\t\t\t}\n\n\t\t\t\t\t\t\t\t\t\t\t\t\t\t.slider-1225 \t\t\t\t\t.twentytwenty-after-label::before {\n\t\t\t\t\t\tbackground:\n\t\t\t\t\t\t\t#140d00\t\t\t\t\t\t;\n\t\t\t\t\t\tcolor:\n\t\t\t\t\t\t\t#ddab5f\t\t\t\t\t\t;\n\t\t\t\t\t}\n\n\t\t\t\t\t\t\t\t<\/style>\n\t\t\t\n\n\n\n<p class=\"has-text-align-center\">Offrez une seconde vie \u00e0 vos pr\u00e9cieux souvenirs ! Nous num\u00e9risons vos photos anciennes de tous formats et r\u00e9alisons des restaurations de qualit\u00e9 pour effacer les traces du temps et r\u00e9v\u00e9ler la beaut\u00e9 originelle de vos images.<\/p>\n\n\n\n<div style=\"height:10px\" aria-hidden=\"true\" class=\"wp-block-spacer\"><\/div>\n\n\n\n<div class=\"wp-block-group alignwide has-vertical-primary-secondary-gradient-background has-background is-layout-flow wp-container-core-group-is-layout-1afbeed6 wp-block-group-is-layout-flow\" style=\"margin-top:0px;margin-bottom:0px;padding-top:0px;padding-right:0px;padding-bottom:0px;padding-left:0px\">\n<div style=\"height:10px\" aria-hidden=\"true\" class=\"wp-block-spacer\"><\/div>\n<\/div>\n\n\n\n\t\t\t\n\t<style type=\"text\/css\">\n\t\t.slider-info-1223.bafg-slider-info .bafg-slider-title {\n\t\t\t\t\t\t\tfont-size:\n\t\t\t\t\t22px\t\t\t\t;\n\t\t\t\n\t\t\t\n\t\t\t\t\t}\n\n\t\t.slider-info-1223.bafg-slider-info .bafg-slider-description {\n\t\t\t\n\t\t\t\n\t\t\t\t\t}\n\t\t\n\t\t\n\t\t.slider-info-1223.bafg-slider-info .bafg_slider_readmore_button {\n\t\t\t\n\t\t\t\n\t\t\t\n\t\t\t\n\t\t\t\n\t\t\ttext-align: center;\n\n\t\t\t\n\t\t\t\n\t\t\t\n\t\t\t\n\t\t\t\t\t}\n\n\t\t.slider-info-1223.bafg-slider-info .bafg_slider_readmore_button:hover {\n\n\t\t\t\n\t\t\t\n\t\t\t\t\t}\n\t<\/style>\n\t\n\t\t\t<div class=\"bafg-twentytwenty-container slider-1223  \"\n\t\t\t\tbafg-orientation=\"vertical\" bafg-default-offset=\"0.5\"\n\t\t\t\tbafg-before-label=\"Before\"\n\t\t\t\tbafg-after-label=\"After\" bafg-overlay=\"1\"\n\t\t\t\tbafg-move-slider-on-hover=\"\"\n\t\t\t\tbafg-click-to-move=\"\">\n\n\t\t\t\t\t\t\t\t<img class=\"skip-lazy\" data-skip-lazy\t\t\t\t\tsrc=\"https:\/\/www.pebayle.fr\/wp-content\/uploads\/2025\/02\/1960-ori.jpg\" alt=\"\">\n\t\t\t\t<img class=\"skip-lazy\" data-skip-lazy\t\t\t\t\tsrc=\"https:\/\/www.pebayle.fr\/wp-content\/uploads\/2025\/02\/1960.jpg\" alt=\"\">\n\n\t\t\t<\/div>\n\n\t\t\t\t<div class=\"bafg-slider-info-wraper\">\n\t\t<div style=\"\" class=\"slider-info-1223 bafg-slider-info\">\n\t\t\t\t\t<\/div>\n\t<\/div>\n\t\n\t\t\t<style type=\"text\/css\">\n\t\t\t\t\t\t\t\t\t\t\t<\/style>\n\t\t\t\n\n\n\n<p class=\"has-text-align-center\">Cliquez sur dessous pour voir la vid\u00e9o!<\/p>\n\n\n\n<figure class=\"wp-block-embed aligncenter is-type-video is-provider-youtube wp-block-embed-youtube wp-embed-aspect-9-16 wp-has-aspect-ratio\"><div class=\"wp-block-embed__wrapper\">\n<iframe loading=\"lazy\" title=\"1950 Photo restauration\" width=\"500\" height=\"281\" src=\"https:\/\/www.youtube.com\/embed\/nokYTjdVU1M?feature=oembed\" frameborder=\"0\" allow=\"accelerometer; autoplay; clipboard-write; encrypted-media; gyroscope; picture-in-picture; web-share\" referrerpolicy=\"strict-origin-when-cross-origin\" allowfullscreen><\/iframe>\n<\/div><\/figure>\n\n\n\n<div style=\"height:10px\" aria-hidden=\"true\" class=\"wp-block-spacer\"><\/div>\n\n\n\n<div class=\"wp-block-group alignwide has-vertical-primary-secondary-gradient-background has-background is-layout-flow wp-container-core-group-is-layout-1afbeed6 wp-block-group-is-layout-flow\" style=\"margin-top:0px;margin-bottom:0px;padding-top:0px;padding-right:0px;padding-bottom:0px;padding-left:0px\">\n<div style=\"height:10px\" aria-hidden=\"true\" class=\"wp-block-spacer\"><\/div>\n<\/div>\n\n\n\n<div style=\"height:10px\" aria-hidden=\"true\" class=\"wp-block-spacer\"><\/div>\n\n\n\n<p><strong>Num\u00e9risation de photos anciennes<\/strong><\/p>\n\n\n\n<ul class=\"wp-block-list\">\n<li><strong>Num\u00e9risation haute r\u00e9solution :<\/strong> Vos photos anciennes sont num\u00e9ris\u00e9es avec pr\u00e9cision , garantissant une qualit\u00e9 d&#8217;image optimale pour la restauration et l&#8217;archivage.<\/li>\n\n\n\n<li><strong>Diff\u00e9rents supports accept\u00e9s :<\/strong> Nous num\u00e9risons tous les types de supports : photos papier, n\u00e9gatifs, etc.<\/li>\n\n\n\n<li><strong>Formats de fichiers :<\/strong> Vous recevez vos photos num\u00e9ris\u00e9es dans des formats de fichiers courants (JPEG) compatibles avec la plupart des appareils et logiciels.<\/li>\n<\/ul>\n\n\n\n<p><strong>Restauration de photos<\/strong><\/p>\n\n\n\n<ul class=\"wp-block-list\">\n<li><strong>Suppression des d\u00e9fauts :<\/strong> Les rayures, les taches, les d\u00e9chirures, les plis et autres dommages sont soigneusement corrig\u00e9s pour redonner \u00e0 vos photos leur aspect d&#8217;origine.<\/li>\n\n\n\n<li><strong>Retouche des couleurs :<\/strong> Les couleurs ternies ou d\u00e9color\u00e9es sont raviv\u00e9es pour restaurer l&#8217;\u00e9clat et la vivacit\u00e9 de vos photos.<\/li>\n\n\n\n<li><strong>Am\u00e9lioration de la nettet\u00e9 :<\/strong> Les photos floues ou manquant de d\u00e9tails sont retouch\u00e9es pour am\u00e9liorer la nettet\u00e9 et la clart\u00e9 de l&#8217;image.<\/li>\n\n\n\n<li><strong>Reconstitution des parties manquantes :<\/strong> Les parties de photos manquantes ou endommag\u00e9es sont reconstitu\u00e9es avec soin, en utilisant des techniques de retouche avanc\u00e9es.<\/li>\n<\/ul>\n\n\n\n<p><strong>Retouche photo<\/strong><\/p>\n\n\n\n<ul class=\"wp-block-list\">\n<li><strong>Ajustement de la luminosit\u00e9 et du contraste :<\/strong> L&#8217;exposition et le contraste de vos photos sont ajust\u00e9s pour optimiser la qualit\u00e9 de l&#8217;image.<\/li>\n\n\n\n<li><strong>Correction des couleurs :<\/strong> Les dominantes de couleur ind\u00e9sirables sont corrig\u00e9es pour r\u00e9tablir l&#8217;\u00e9quilibre colorim\u00e9trique de vos photos.<\/li>\n\n\n\n<li><strong>Suppression des \u00e9l\u00e9ments ind\u00e9sirables :<\/strong> Les \u00e9l\u00e9ments perturbateurs (objets, personnes, etc.) peuvent \u00eatre supprim\u00e9s de vos photos sur demande.<\/li>\n<\/ul>\n\n\n\n<div class=\"wp-block-buttons alignwide is-content-justification-center is-layout-flex wp-container-core-buttons-is-layout-a89b3969 wp-block-buttons-is-layout-flex\">\n<div class=\"wp-block-button\"><a class=\"wp-block-button__link has-text-align-center wp-element-button\" href=\"https:\/\/www.pebayle.fr\/index.php\/gardouch\/\" target=\"_blank\" rel=\"noreferrer noopener\">Entre hier et aujourd\u2019hui<\/a><\/div>\n<\/div>\n\n\n\n<div style=\"height:10px\" aria-hidden=\"true\" class=\"wp-block-spacer\"><\/div>\n\n\n\n<div class=\"wp-block-group alignwide has-vertical-primary-secondary-gradient-background has-background is-layout-flow wp-container-core-group-is-layout-1afbeed6 wp-block-group-is-layout-flow\" style=\"margin-top:0px;margin-bottom:0px;padding-top:0px;padding-right:0px;padding-bottom:0px;padding-left:0px\">\n<div style=\"height:10px\" aria-hidden=\"true\" class=\"wp-block-spacer\"><\/div>\n<\/div>\n\n\n\n<div class=\"wp-block-group alignwide is-layout-flow wp-block-group-is-layout-flow\" style=\"padding-top:0px;padding-right:0px;padding-bottom:0px;padding-left:0px\">\n<h2 class=\"wp-block-heading has-medium-font-size\"><mark style=\"background-color:rgba(0, 0, 0, 0)\" class=\"has-inline-color has-primary-color\">\u2192 <\/mark>Infos \/ Tarifs <\/h2>\n\n\n\n<div class=\"wp-block-group is-layout-constrained wp-block-group-is-layout-constrained\">\n<div class=\"wp-block-columns has-vertical-background-secondary-gradient-background has-background is-layout-flex wp-container-core-columns-is-layout-244aab75 wp-block-columns-is-layout-flex\" style=\"padding-top:var(--wp--preset--spacing--40);padding-right:var(--wp--preset--spacing--40);padding-bottom:var(--wp--preset--spacing--40);padding-left:var(--wp--preset--spacing--40)\">\n<div class=\"wp-block-column is-layout-flow wp-block-column-is-layout-flow\">\n<div class=\"wp-block-group has-primary-background-color has-background is-vertical is-layout-flex wp-container-core-group-is-layout-fe9cc265 wp-block-group-is-layout-flex\" style=\"border-radius:25px\">\n<p class=\"has-secondary-color has-text-color\">Chaque projet est diff\u00e9rent, et fera l&#8217;objet d&#8217;un devis sp\u00e9cifique en fonction de vos besoins et vos attentes<\/p>\n<\/div>\n<\/div>\n\n\n\n<div class=\"wp-block-column is-style-default is-layout-flow wp-block-column-is-layout-flow\">\n<p>Pour me contacter par mail ou t\u00e9l\u00e9phone:<\/p>\n\n\n\n<ul class=\"wp-block-social-links has-large-icon-size is-content-justification-center is-layout-flex wp-container-core-social-links-is-layout-a89b3969 wp-block-social-links-is-layout-flex\"><li class=\"wp-social-link wp-social-link-mail  wp-block-social-link\"><a href=\"mailto:&#110;icol&#097;&#115;.p&#104;&#111;&#116;o&#115;&#064;&#112;&#101;ba&#121;&#108;&#101;.&#102;&#114;\" class=\"wp-block-social-link-anchor\"><svg width=\"24\" height=\"24\" viewBox=\"0 0 24 24\" version=\"1.1\" xmlns=\"http:\/\/www.w3.org\/2000\/svg\" aria-hidden=\"true\" focusable=\"false\"><path d=\"M19,5H5c-1.1,0-2,.9-2,2v10c0,1.1.9,2,2,2h14c1.1,0,2-.9,2-2V7c0-1.1-.9-2-2-2zm.5,12c0,.3-.2.5-.5.5H5c-.3,0-.5-.2-.5-.5V9.8l7.5,5.6,7.5-5.6V17zm0-9.1L12,13.6,4.5,7.9V7c0-.3.2-.5.5-.5h14c.3,0,.5.2.5.5v.9z\"><\/path><\/svg><span class=\"wp-block-social-link-label screen-reader-text\">Mail<\/span><\/a><\/li><\/ul>\n<\/div>\n<\/div>\n<\/div>\n<\/div>\n\n\n\n<div style=\"height:10px\" aria-hidden=\"true\" class=\"wp-block-spacer\"><\/div>\n\n\n\n<div class=\"wp-block-group alignwide has-vertical-primary-secondary-gradient-background has-background is-layout-flow wp-container-core-group-is-layout-1afbeed6 wp-block-group-is-layout-flow\" style=\"margin-top:0px;margin-bottom:0px;padding-top:0px;padding-right:0px;padding-bottom:0px;padding-left:0px\">\n<div style=\"height:10px\" aria-hidden=\"true\" class=\"wp-block-spacer\"><\/div>\n<\/div>\n\n\n\n<figure class=\"wp-block-image aligncenter size-full\"><img loading=\"lazy\" decoding=\"async\" width=\"400\" height=\"200\" src=\"https:\/\/www.pebayle.fr\/wp-content\/uploads\/2024\/04\/signature1.png\" alt=\"\" class=\"wp-image-1041\" srcset=\"https:\/\/www.pebayle.fr\/wp-content\/uploads\/2024\/04\/signature1.png 400w, https:\/\/www.pebayle.fr\/wp-content\/uploads\/2024\/04\/signature1-300x150.png 300w\" sizes=\"auto, (max-width: 400px) 100vw, 400px\" \/><\/figure>\n\n\n\n<div class=\"wp-block-buttons is-content-justification-center is-layout-flex wp-container-core-buttons-is-layout-a89b3969 wp-block-buttons-is-layout-flex\">\n<div class=\"wp-block-button\"><a class=\"wp-block-button__link wp-element-button\" href=\"https:\/\/www.pebayle.fr\/\" target=\"_blank\" rel=\"noreferrer noopener\">Page d&#8217;accueil<\/a><\/div>\n<\/div>\n\n\n\n<p><\/p>\n","protected":false},"excerpt":{"rendered":"<p>Offrez une seconde vie \u00e0 vos pr\u00e9cieux souvenirs ! Nous num\u00e9risons vos photos anciennes de tous formats et r\u00e9alisons des restaurations de qualit\u00e9 pour effacer les traces du temps et r\u00e9v\u00e9ler la beaut\u00e9 originelle de vos images. Cliquez sur dessous pour voir la vid\u00e9o! Num\u00e9risation de photos anciennes Restauration de photos Retouche photo<\/p>\n","protected":false},"author":1,"featured_media":0,"parent":0,"menu_order":0,"comment_status":"closed","ping_status":"closed","template":"wp-custom-template-page-np","meta":{"footnotes":""},"class_list":["post-1182","page","type-page","status-publish","hentry"],"_links":{"self":[{"href":"https:\/\/www.pebayle.fr\/index.php\/wp-json\/wp\/v2\/pages\/1182","targetHints":{"allow":["GET"]}}],"collection":[{"href":"https:\/\/www.pebayle.fr\/index.php\/wp-json\/wp\/v2\/pages"}],"about":[{"href":"https:\/\/www.pebayle.fr\/index.php\/wp-json\/wp\/v2\/types\/page"}],"author":[{"embeddable":true,"href":"https:\/\/www.pebayle.fr\/index.php\/wp-json\/wp\/v2\/users\/1"}],"replies":[{"embeddable":true,"href":"https:\/\/www.pebayle.fr\/index.php\/wp-json\/wp\/v2\/comments?post=1182"}],"version-history":[{"count":36,"href":"https:\/\/www.pebayle.fr\/index.php\/wp-json\/wp\/v2\/pages\/1182\/revisions"}],"predecessor-version":[{"id":1267,"href":"https:\/\/www.pebayle.fr\/index.php\/wp-json\/wp\/v2\/pages\/1182\/revisions\/1267"}],"wp:attachment":[{"href":"https:\/\/www.pebayle.fr\/index.php\/wp-json\/wp\/v2\/media?parent=1182"}],"curies":[{"name":"wp","href":"https:\/\/api.w.org\/{rel}","templated":true}]}}