{"id":257,"date":"2023-02-07T11:13:53","date_gmt":"2023-02-07T11:13:53","guid":{"rendered":"https:\/\/v2.pebayle.fr\/?page_id=257"},"modified":"2023-05-02T15:01:51","modified_gmt":"2023-05-02T15:01:51","slug":"a-propos","status":"publish","type":"page","link":"https:\/\/www.pebayle.fr\/index.php\/a-propos\/","title":{"rendered":"A Propos"},"content":{"rendered":"\n<p>Photographe professionnel bas\u00e9 en r\u00e9gion Toulousaine, je r\u00e9alise des animations avec incrustation sur fond vert pour les entreprises, \u00e9v\u00e8nements depuis plus de 10 ans.<\/p>\n\n\n\n<p>Je propose \u00e9galement des s\u00e9ances photo de portraits pour les particuliers (photos de famille, mariage, grossesse, naissance, etc&#8230;) .<\/p>\n","protected":false},"excerpt":{"rendered":"<p>Photographe professionnel bas\u00e9 en r\u00e9gion Toulousaine, je r\u00e9alise des animations avec incrustation sur fond vert pour les entreprises, \u00e9v\u00e8nements depuis plus de 10 ans. Je propose \u00e9galement des s\u00e9ances photo de portraits pour les particuliers (photos de famille, mariage, grossesse, naissance, etc&#8230;) .<\/p>\n","protected":false},"author":1,"featured_media":0,"parent":0,"menu_order":0,"comment_status":"closed","ping_status":"closed","template":"wp-custom-template-page-np","meta":{"footnotes":""},"class_list":["post-257","page","type-page","status-publish","hentry"],"_links":{"self":[{"href":"https:\/\/www.pebayle.fr\/index.php\/wp-json\/wp\/v2\/pages\/257","targetHints":{"allow":["GET"]}}],"collection":[{"href":"https:\/\/www.pebayle.fr\/index.php\/wp-json\/wp\/v2\/pages"}],"about":[{"href":"https:\/\/www.pebayle.fr\/index.php\/wp-json\/wp\/v2\/types\/page"}],"author":[{"embeddable":true,"href":"https:\/\/www.pebayle.fr\/index.php\/wp-json\/wp\/v2\/users\/1"}],"replies":[{"embeddable":true,"href":"https:\/\/www.pebayle.fr\/index.php\/wp-json\/wp\/v2\/comments?post=257"}],"version-history":[{"count":1,"href":"https:\/\/www.pebayle.fr\/index.php\/wp-json\/wp\/v2\/pages\/257\/revisions"}],"predecessor-version":[{"id":258,"href":"https:\/\/www.pebayle.fr\/index.php\/wp-json\/wp\/v2\/pages\/257\/revisions\/258"}],"wp:attachment":[{"href":"https:\/\/www.pebayle.fr\/index.php\/wp-json\/wp\/v2\/media?parent=257"}],"curies":[{"name":"wp","href":"https:\/\/api.w.org\/{rel}","templated":true}]}}