{"id":361,"date":"2023-02-10T10:20:24","date_gmt":"2023-02-10T10:20:24","guid":{"rendered":"https:\/\/v2.pebayle.fr\/?page_id=361"},"modified":"2023-05-09T22:50:16","modified_gmt":"2023-05-09T22:50:16","slug":"portraits","status":"publish","type":"page","link":"https:\/\/www.pebayle.fr\/index.php\/portraits\/","title":{"rendered":"Portraits"},"content":{"rendered":"\n<figure class=\"wp-block-image aligncenter size-large has-custom-border\"><img loading=\"lazy\" decoding=\"async\" width=\"1024\" height=\"683\" src=\"https:\/\/www.pebayle.fr\/wp-content\/uploads\/2023\/05\/portrait1-1024x683.jpg\" alt=\"\" class=\"has-border-color has-foreground-border-color wp-image-710\" srcset=\"https:\/\/www.pebayle.fr\/wp-content\/uploads\/2023\/05\/portrait1-1024x683.jpg 1024w, https:\/\/www.pebayle.fr\/wp-content\/uploads\/2023\/05\/portrait1-300x200.jpg 300w, https:\/\/www.pebayle.fr\/wp-content\/uploads\/2023\/05\/portrait1-768x512.jpg 768w, https:\/\/www.pebayle.fr\/wp-content\/uploads\/2023\/05\/portrait1.jpg 1500w\" sizes=\"auto, (max-width: 1024px) 100vw, 1024px\" \/><\/figure>\n\n\n\n<figure class=\"wp-block-image aligncenter size-large has-custom-border\"><img loading=\"lazy\" decoding=\"async\" width=\"1024\" height=\"683\" src=\"https:\/\/www.pebayle.fr\/wp-content\/uploads\/2023\/05\/portrait2-1024x683.jpg\" alt=\"\" class=\"has-border-color has-foreground-border-color wp-image-711\" srcset=\"https:\/\/www.pebayle.fr\/wp-content\/uploads\/2023\/05\/portrait2-1024x683.jpg 1024w, https:\/\/www.pebayle.fr\/wp-content\/uploads\/2023\/05\/portrait2-300x200.jpg 300w, https:\/\/www.pebayle.fr\/wp-content\/uploads\/2023\/05\/portrait2-768x512.jpg 768w, https:\/\/www.pebayle.fr\/wp-content\/uploads\/2023\/05\/portrait2.jpg 1500w\" sizes=\"auto, (max-width: 1024px) 100vw, 1024px\" \/><\/figure>\n\n\n\n<div style=\"height:20px\" aria-hidden=\"true\" class=\"wp-block-spacer\"><\/div>\n\n\n\n<p style=\"font-size:clamp(16.293px, 1.018rem + ((1vw - 3.2px) * 0.68), 25px);\"><em><strong>Une s\u00e9ance avec patience:<\/strong><\/em><\/p>\n\n\n\n<p>Ci dessous, il ne s&#8217;agit pas d&#8217;un photomontage mais d&#8217;une technique particuli\u00e8re de prise de vue en pose longue avec des flash dans une pi\u00e8ce sombre. De tr\u00e8s nombreux essais et beaucoup de patience pour les petits mod\u00e8les du jour ont \u00e9t\u00e9 n\u00e9cessaire pour parvenir a ce r\u00e9sultat.<\/p>\n\n\n\n<figure class=\"wp-block-gallery has-nested-images columns-default is-cropped wp-block-gallery-1 is-layout-flex wp-block-gallery-is-layout-flex\">\n<figure class=\"wp-block-image size-full has-custom-border\"><img loading=\"lazy\" decoding=\"async\" width=\"1000\" height=\"667\" data-id=\"712\" src=\"https:\/\/www.pebayle.fr\/wp-content\/uploads\/2023\/05\/portrait3.jpg\" alt=\"\" class=\"has-border-color has-foreground-border-color wp-image-712\" srcset=\"https:\/\/www.pebayle.fr\/wp-content\/uploads\/2023\/05\/portrait3.jpg 1000w, https:\/\/www.pebayle.fr\/wp-content\/uploads\/2023\/05\/portrait3-300x200.jpg 300w, https:\/\/www.pebayle.fr\/wp-content\/uploads\/2023\/05\/portrait3-768x512.jpg 768w\" sizes=\"auto, (max-width: 1000px) 100vw, 1000px\" \/><\/figure>\n\n\n\n<figure class=\"wp-block-image size-full has-custom-border\"><img loading=\"lazy\" decoding=\"async\" width=\"1000\" height=\"667\" data-id=\"713\" src=\"https:\/\/www.pebayle.fr\/wp-content\/uploads\/2023\/05\/portrait4.jpg\" alt=\"\" class=\"has-border-color has-foreground-border-color wp-image-713\" srcset=\"https:\/\/www.pebayle.fr\/wp-content\/uploads\/2023\/05\/portrait4.jpg 1000w, https:\/\/www.pebayle.fr\/wp-content\/uploads\/2023\/05\/portrait4-300x200.jpg 300w, https:\/\/www.pebayle.fr\/wp-content\/uploads\/2023\/05\/portrait4-768x512.jpg 768w\" sizes=\"auto, (max-width: 1000px) 100vw, 1000px\" \/><\/figure>\n\n\n\n<figure class=\"wp-block-image size-full has-custom-border\"><img loading=\"lazy\" decoding=\"async\" width=\"1000\" height=\"667\" data-id=\"714\" src=\"https:\/\/www.pebayle.fr\/wp-content\/uploads\/2023\/05\/portrait5.jpg\" alt=\"\" class=\"has-border-color has-foreground-border-color wp-image-714\" srcset=\"https:\/\/www.pebayle.fr\/wp-content\/uploads\/2023\/05\/portrait5.jpg 1000w, https:\/\/www.pebayle.fr\/wp-content\/uploads\/2023\/05\/portrait5-300x200.jpg 300w, https:\/\/www.pebayle.fr\/wp-content\/uploads\/2023\/05\/portrait5-768x512.jpg 768w\" sizes=\"auto, (max-width: 1000px) 100vw, 1000px\" \/><\/figure>\n\n\n\n<figure class=\"wp-block-image size-full has-custom-border\"><img loading=\"lazy\" decoding=\"async\" width=\"667\" height=\"1000\" data-id=\"715\" src=\"https:\/\/www.pebayle.fr\/wp-content\/uploads\/2023\/05\/portrait6.jpg\" alt=\"\" class=\"has-border-color has-foreground-border-color wp-image-715\" srcset=\"https:\/\/www.pebayle.fr\/wp-content\/uploads\/2023\/05\/portrait6.jpg 667w, https:\/\/www.pebayle.fr\/wp-content\/uploads\/2023\/05\/portrait6-200x300.jpg 200w\" sizes=\"auto, (max-width: 667px) 100vw, 667px\" \/><\/figure>\n<\/figure>\n","protected":false},"excerpt":{"rendered":"<p>Une s\u00e9ance avec patience: Ci dessous, il ne s&#8217;agit pas d&#8217;un photomontage mais d&#8217;une technique particuli\u00e8re de prise de vue en pose longue avec des flash dans une pi\u00e8ce sombre. De tr\u00e8s nombreux essais et beaucoup de patience pour les petits mod\u00e8les du jour ont \u00e9t\u00e9 n\u00e9cessaire pour parvenir a ce r\u00e9sultat.<\/p>\n","protected":false},"author":1,"featured_media":0,"parent":0,"menu_order":0,"comment_status":"closed","ping_status":"closed","template":"wp-custom-template-page-np","meta":{"footnotes":""},"class_list":["post-361","page","type-page","status-publish","hentry"],"_links":{"self":[{"href":"https:\/\/www.pebayle.fr\/index.php\/wp-json\/wp\/v2\/pages\/361","targetHints":{"allow":["GET"]}}],"collection":[{"href":"https:\/\/www.pebayle.fr\/index.php\/wp-json\/wp\/v2\/pages"}],"about":[{"href":"https:\/\/www.pebayle.fr\/index.php\/wp-json\/wp\/v2\/types\/page"}],"author":[{"embeddable":true,"href":"https:\/\/www.pebayle.fr\/index.php\/wp-json\/wp\/v2\/users\/1"}],"replies":[{"embeddable":true,"href":"https:\/\/www.pebayle.fr\/index.php\/wp-json\/wp\/v2\/comments?post=361"}],"version-history":[{"count":15,"href":"https:\/\/www.pebayle.fr\/index.php\/wp-json\/wp\/v2\/pages\/361\/revisions"}],"predecessor-version":[{"id":716,"href":"https:\/\/www.pebayle.fr\/index.php\/wp-json\/wp\/v2\/pages\/361\/revisions\/716"}],"wp:attachment":[{"href":"https:\/\/www.pebayle.fr\/index.php\/wp-json\/wp\/v2\/media?parent=361"}],"curies":[{"name":"wp","href":"https:\/\/api.w.org\/{rel}","templated":true}]}}