{"id":429,"date":"2023-02-23T16:06:15","date_gmt":"2023-02-23T16:06:15","guid":{"rendered":"https:\/\/v2.pebayle.fr\/?page_id=429"},"modified":"2023-11-16T15:31:14","modified_gmt":"2023-11-16T15:31:14","slug":"mariage-famille","status":"publish","type":"page","link":"https:\/\/www.pebayle.fr\/index.php\/mariage-famille\/","title":{"rendered":"Mariage \/ Famille"},"content":{"rendered":"\n<h2 class=\"wp-block-heading has-medium-font-size\"><mark style=\"background-color:rgba(0, 0, 0, 0)\" class=\"has-inline-color has-primary-color\">\u2192 <\/mark>Reportage Mariage <\/h2>\n\n\n\n<ul class=\"wp-block-list\">\n<li><strong>Pr\u00e9paratif \/ C\u00e9r\u00e9monie \/ Couple \/ Groupes \/ Soir\u00e9e<\/strong><\/li>\n<\/ul>\n\n\n\n<p>Les photos lors d&#8217;un mariage ont 2 objectifs, faire plaisirs \u00e0 la famille mais surtout figer des souvenirs. Pour cela pas besoin d&#8217;un mariage hors de prix mais simplement capter les bon moments.<\/p>\n\n\n\n<p>La pr\u00e9paration du reportage photos est tr\u00e8s importante pour pouvoir comprendre l&#8217;\u00e9tat d&#8217;esprit des mari\u00e9s. Bien \u00e9videment beaucoup de ces photos seront pr\u00e9par\u00e9es, mais un petit nombre et surement les meilleures seront des photos prises sur le moments, un fou rire, une larme, un impr\u00e9vu.<\/p>\n\n\n\n<div class=\"wp-block-group is-layout-constrained wp-block-group-is-layout-constrained\">\n<div class=\"wp-block-columns is-style-default has-vertical-primary-secondary-gradient-background has-background is-layout-flex wp-container-core-columns-is-layout-28f84493 wp-block-columns-is-layout-flex\" style=\"border-radius:15px\">\n<div class=\"wp-block-column has-background-background-color has-background is-layout-flow wp-block-column-is-layout-flow\" style=\"padding-top:var(--wp--preset--spacing--30);padding-right:var(--wp--preset--spacing--30);padding-bottom:var(--wp--preset--spacing--30);padding-left:var(--wp--preset--spacing--30)\">\n<p>Le photographe doit \u00eatre pr\u00e9sent partout et attentif aux moindres r\u00e9action.<\/p>\n<\/div>\n\n\n\n<div class=\"wp-block-column has-background-background-color has-background is-layout-flow wp-block-column-is-layout-flow\" style=\"padding-top:var(--wp--preset--spacing--30);padding-right:var(--wp--preset--spacing--30);padding-bottom:var(--wp--preset--spacing--30);padding-left:var(--wp--preset--spacing--30)\">\n<p>Tellement pr\u00e9sent, que plus personne ne fera attention a lui et qu&#8217;il se fera oublier tr\u00e8s vite <\/p>\n<\/div>\n<\/div>\n<\/div>\n\n\n\n<div style=\"height:20px\" aria-hidden=\"true\" class=\"wp-block-spacer\"><\/div>\n\n\n\n<figure class=\"wp-block-gallery has-nested-images columns-default is-cropped wp-block-gallery-1 is-layout-flex wp-block-gallery-is-layout-flex\">\n<figure class=\"wp-block-image size-full has-custom-border\"><img loading=\"lazy\" decoding=\"async\" width=\"977\" height=\"651\" data-id=\"691\" src=\"https:\/\/www.pebayle.fr\/wp-content\/uploads\/2023\/05\/MariageGB1.jpg\" alt=\"\" class=\"has-border-color has-foreground-border-color wp-image-691\" srcset=\"https:\/\/www.pebayle.fr\/wp-content\/uploads\/2023\/05\/MariageGB1.jpg 977w, https:\/\/www.pebayle.fr\/wp-content\/uploads\/2023\/05\/MariageGB1-300x200.jpg 300w, https:\/\/www.pebayle.fr\/wp-content\/uploads\/2023\/05\/MariageGB1-768x512.jpg 768w\" sizes=\"auto, (max-width: 977px) 100vw, 977px\" \/><\/figure>\n\n\n\n<figure class=\"wp-block-image size-full has-custom-border\"><img loading=\"lazy\" decoding=\"async\" width=\"976\" height=\"648\" data-id=\"692\" src=\"https:\/\/www.pebayle.fr\/wp-content\/uploads\/2023\/05\/MariageGB2.jpg\" alt=\"\" class=\"has-border-color has-foreground-border-color wp-image-692\" srcset=\"https:\/\/www.pebayle.fr\/wp-content\/uploads\/2023\/05\/MariageGB2.jpg 976w, https:\/\/www.pebayle.fr\/wp-content\/uploads\/2023\/05\/MariageGB2-300x199.jpg 300w, https:\/\/www.pebayle.fr\/wp-content\/uploads\/2023\/05\/MariageGB2-768x510.jpg 768w\" sizes=\"auto, (max-width: 976px) 100vw, 976px\" \/><\/figure>\n<\/figure>\n\n\n\n<figure class=\"wp-block-image size-full has-custom-border\"><img loading=\"lazy\" decoding=\"async\" width=\"975\" height=\"652\" src=\"https:\/\/www.pebayle.fr\/wp-content\/uploads\/2023\/05\/MariageGB3.jpg\" alt=\"\" class=\"has-border-color has-foreground-border-color wp-image-694\" srcset=\"https:\/\/www.pebayle.fr\/wp-content\/uploads\/2023\/05\/MariageGB3.jpg 975w, https:\/\/www.pebayle.fr\/wp-content\/uploads\/2023\/05\/MariageGB3-300x201.jpg 300w, https:\/\/www.pebayle.fr\/wp-content\/uploads\/2023\/05\/MariageGB3-768x514.jpg 768w\" sizes=\"auto, (max-width: 975px) 100vw, 975px\" \/><\/figure>\n\n\n\n<div class=\"wp-block-buttons is-content-justification-center is-layout-flex wp-container-core-buttons-is-layout-a89b3969 wp-block-buttons-is-layout-flex\">\n<div class=\"wp-block-button\"><a class=\"wp-block-button__link wp-element-button\" href=\"https:\/\/pebaylefr.s3.eu-west-1.amazonaws.com\/Brochure+Mariage.pdf\" target=\"_blank\" rel=\"noreferrer noopener\">D\u00e9tails et Tarifs de Base<\/a><\/div>\n<\/div>\n\n\n\n<div style=\"height:20px\" aria-hidden=\"true\" class=\"wp-block-spacer\"><\/div>\n\n\n\n<h2 class=\"wp-block-heading has-medium-font-size\"><mark style=\"background-color:rgba(0, 0, 0, 0)\" class=\"has-inline-color has-primary-color\">\u2192 <\/mark>Reportage Pr\u00e9-Naissance <\/h2>\n\n\n\n<p>Garder un souvenir de cette p\u00e9riode l\u00e0 est aussi tr\u00e8s important:<\/p>\n\n\n\n<figure class=\"wp-block-gallery has-nested-images columns-default is-cropped wp-block-gallery-2 is-layout-flex wp-block-gallery-is-layout-flex\">\n<figure class=\"wp-block-image size-large has-custom-border\"><img loading=\"lazy\" decoding=\"async\" width=\"1024\" height=\"682\" data-id=\"696\" src=\"https:\/\/www.pebayle.fr\/wp-content\/uploads\/2023\/05\/NaissanceGJ2.jpg-1024x682.jpg\" alt=\"\" class=\"has-border-color has-foreground-border-color wp-image-696\" srcset=\"https:\/\/www.pebayle.fr\/wp-content\/uploads\/2023\/05\/NaissanceGJ2.jpg-1024x682.jpg 1024w, https:\/\/www.pebayle.fr\/wp-content\/uploads\/2023\/05\/NaissanceGJ2.jpg-300x200.jpg 300w, https:\/\/www.pebayle.fr\/wp-content\/uploads\/2023\/05\/NaissanceGJ2.jpg-768x512.jpg 768w, https:\/\/www.pebayle.fr\/wp-content\/uploads\/2023\/05\/NaissanceGJ2.jpg-1536x1024.jpg 1536w, https:\/\/www.pebayle.fr\/wp-content\/uploads\/2023\/05\/NaissanceGJ2.jpg.jpg 2000w\" sizes=\"auto, (max-width: 1024px) 100vw, 1024px\" \/><\/figure>\n\n\n\n<figure class=\"wp-block-image size-large has-custom-border\"><img loading=\"lazy\" decoding=\"async\" width=\"1024\" height=\"682\" data-id=\"697\" src=\"https:\/\/www.pebayle.fr\/wp-content\/uploads\/2023\/05\/NaissanceGJ3-1024x682.jpg\" alt=\"\" class=\"has-border-color has-foreground-border-color wp-image-697\" srcset=\"https:\/\/www.pebayle.fr\/wp-content\/uploads\/2023\/05\/NaissanceGJ3-1024x682.jpg 1024w, https:\/\/www.pebayle.fr\/wp-content\/uploads\/2023\/05\/NaissanceGJ3-300x200.jpg 300w, https:\/\/www.pebayle.fr\/wp-content\/uploads\/2023\/05\/NaissanceGJ3-768x512.jpg 768w, https:\/\/www.pebayle.fr\/wp-content\/uploads\/2023\/05\/NaissanceGJ3-1536x1024.jpg 1536w, https:\/\/www.pebayle.fr\/wp-content\/uploads\/2023\/05\/NaissanceGJ3.jpg 2000w\" sizes=\"auto, (max-width: 1024px) 100vw, 1024px\" \/><\/figure>\n\n\n\n<figure class=\"wp-block-image size-large has-custom-border\"><img loading=\"lazy\" decoding=\"async\" width=\"1024\" height=\"1024\" data-id=\"698\" src=\"https:\/\/www.pebayle.fr\/wp-content\/uploads\/2023\/05\/NaissanceGJ4-1024x1024.jpg\" alt=\"\" class=\"has-border-color has-foreground-border-color wp-image-698\" srcset=\"https:\/\/www.pebayle.fr\/wp-content\/uploads\/2023\/05\/NaissanceGJ4-1024x1024.jpg 1024w, https:\/\/www.pebayle.fr\/wp-content\/uploads\/2023\/05\/NaissanceGJ4-300x300.jpg 300w, https:\/\/www.pebayle.fr\/wp-content\/uploads\/2023\/05\/NaissanceGJ4-150x150.jpg 150w, https:\/\/www.pebayle.fr\/wp-content\/uploads\/2023\/05\/NaissanceGJ4-768x768.jpg 768w, https:\/\/www.pebayle.fr\/wp-content\/uploads\/2023\/05\/NaissanceGJ4-1536x1536.jpg 1536w, https:\/\/www.pebayle.fr\/wp-content\/uploads\/2023\/05\/NaissanceGJ4.jpg 2000w\" sizes=\"auto, (max-width: 1024px) 100vw, 1024px\" \/><\/figure>\n<\/figure>\n\n\n\n<figure class=\"wp-block-image size-large has-custom-border\"><img loading=\"lazy\" decoding=\"async\" width=\"1024\" height=\"682\" src=\"https:\/\/www.pebayle.fr\/wp-content\/uploads\/2023\/05\/NaissanceGJ1-1024x682.jpg\" alt=\"\" class=\"has-border-color has-foreground-border-color wp-image-699\" srcset=\"https:\/\/www.pebayle.fr\/wp-content\/uploads\/2023\/05\/NaissanceGJ1-1024x682.jpg 1024w, https:\/\/www.pebayle.fr\/wp-content\/uploads\/2023\/05\/NaissanceGJ1-300x200.jpg 300w, https:\/\/www.pebayle.fr\/wp-content\/uploads\/2023\/05\/NaissanceGJ1-768x512.jpg 768w, https:\/\/www.pebayle.fr\/wp-content\/uploads\/2023\/05\/NaissanceGJ1-1536x1024.jpg 1536w, https:\/\/www.pebayle.fr\/wp-content\/uploads\/2023\/05\/NaissanceGJ1.jpg 2000w\" sizes=\"auto, (max-width: 1024px) 100vw, 1024px\" \/><\/figure>\n\n\n\n<div class=\"wp-block-group alignwide is-layout-flow wp-block-group-is-layout-flow\" style=\"padding-top:0px;padding-right:0px;padding-bottom:0px;padding-left:0px\">\n<h2 class=\"wp-block-heading has-medium-font-size\"><mark style=\"background-color:rgba(0, 0, 0, 0)\" class=\"has-inline-color has-primary-color\">\u2192 <\/mark>Infos \/ Tarifs <\/h2>\n\n\n\n<div class=\"wp-block-group is-layout-constrained wp-block-group-is-layout-constrained\">\n<div class=\"wp-block-columns has-vertical-background-secondary-gradient-background has-background is-layout-flex wp-container-core-columns-is-layout-244aab75 wp-block-columns-is-layout-flex\" style=\"padding-top:var(--wp--preset--spacing--40);padding-right:var(--wp--preset--spacing--40);padding-bottom:var(--wp--preset--spacing--40);padding-left:var(--wp--preset--spacing--40)\">\n<div class=\"wp-block-column is-layout-flow wp-block-column-is-layout-flow\">\n<div class=\"wp-block-group has-primary-background-color has-background is-vertical is-layout-flex wp-container-core-group-is-layout-fe9cc265 wp-block-group-is-layout-flex\" style=\"border-radius:25px\">\n<p class=\"has-secondary-color has-text-color\">Chaque projet est diff\u00e9rent, et fera l&#8217;objet d&#8217;un devis sp\u00e9cifique en fonction de vos besoins et vos attentes<\/p>\n<\/div>\n<\/div>\n\n\n\n<div class=\"wp-block-column is-style-default is-layout-flow wp-block-column-is-layout-flow\">\n<p>Pour me contacter par mail ou t\u00e9l\u00e9phone:<\/p>\n\n\n\n<ul class=\"wp-block-social-links has-large-icon-size is-content-justification-center is-layout-flex wp-container-core-social-links-is-layout-a89b3969 wp-block-social-links-is-layout-flex\"><li class=\"wp-social-link wp-social-link-mail  wp-block-social-link\"><a href=\"mailto:n&#105;colas.p&#104;ot&#111;s&#064;pe&#098;&#097;&#121;l&#101;&#046;fr\" class=\"wp-block-social-link-anchor\"><svg width=\"24\" height=\"24\" viewBox=\"0 0 24 24\" version=\"1.1\" xmlns=\"http:\/\/www.w3.org\/2000\/svg\" aria-hidden=\"true\" focusable=\"false\"><path d=\"M19,5H5c-1.1,0-2,.9-2,2v10c0,1.1.9,2,2,2h14c1.1,0,2-.9,2-2V7c0-1.1-.9-2-2-2zm.5,12c0,.3-.2.5-.5.5H5c-.3,0-.5-.2-.5-.5V9.8l7.5,5.6,7.5-5.6V17zm0-9.1L12,13.6,4.5,7.9V7c0-.3.2-.5.5-.5h14c.3,0,.5.2.5.5v.9z\"><\/path><\/svg><span class=\"wp-block-social-link-label screen-reader-text\">Mail<\/span><\/a><\/li><\/ul>\n<\/div>\n<\/div>\n<\/div>\n<\/div>\n","protected":false},"excerpt":{"rendered":"<p>\u2192 Reportage Mariage Les photos lors d&#8217;un mariage ont 2 objectifs, faire plaisirs \u00e0 la famille mais surtout figer des souvenirs. Pour cela pas besoin d&#8217;un mariage hors de prix mais simplement capter les bon moments. La pr\u00e9paration du reportage photos est tr\u00e8s importante pour pouvoir comprendre l&#8217;\u00e9tat d&#8217;esprit des mari\u00e9s. Bien \u00e9videment beaucoup de&hellip; &#8212;<\/p>\n","protected":false},"author":1,"featured_media":0,"parent":0,"menu_order":0,"comment_status":"closed","ping_status":"closed","template":"wp-custom-template-page-np","meta":{"footnotes":""},"class_list":["post-429","page","type-page","status-publish","hentry"],"_links":{"self":[{"href":"https:\/\/www.pebayle.fr\/index.php\/wp-json\/wp\/v2\/pages\/429","targetHints":{"allow":["GET"]}}],"collection":[{"href":"https:\/\/www.pebayle.fr\/index.php\/wp-json\/wp\/v2\/pages"}],"about":[{"href":"https:\/\/www.pebayle.fr\/index.php\/wp-json\/wp\/v2\/types\/page"}],"author":[{"embeddable":true,"href":"https:\/\/www.pebayle.fr\/index.php\/wp-json\/wp\/v2\/users\/1"}],"replies":[{"embeddable":true,"href":"https:\/\/www.pebayle.fr\/index.php\/wp-json\/wp\/v2\/comments?post=429"}],"version-history":[{"count":16,"href":"https:\/\/www.pebayle.fr\/index.php\/wp-json\/wp\/v2\/pages\/429\/revisions"}],"predecessor-version":[{"id":974,"href":"https:\/\/www.pebayle.fr\/index.php\/wp-json\/wp\/v2\/pages\/429\/revisions\/974"}],"wp:attachment":[{"href":"https:\/\/www.pebayle.fr\/index.php\/wp-json\/wp\/v2\/media?parent=429"}],"curies":[{"name":"wp","href":"https:\/\/api.w.org\/{rel}","templated":true}]}}