{"id":464,"date":"2023-05-02T06:48:00","date_gmt":"2023-05-02T06:48:00","guid":{"rendered":"https:\/\/v2.pebayle.fr\/?page_id=464"},"modified":"2024-01-24T14:37:42","modified_gmt":"2024-01-24T14:37:42","slug":"architecture","status":"publish","type":"page","link":"https:\/\/www.pebayle.fr\/index.php\/architecture\/","title":{"rendered":"Architecture"},"content":{"rendered":"\n<ul class=\"wp-block-list\">\n<li>Maison des Etudiants &amp; des Personnels. Universit\u00e9 Toulouse III &#8211; Paul Sabatier<\/li>\n<\/ul>\n\n\n\n<p class=\"has-text-align-center\">Extrait du reportage MEP (IAM ARCHITECTES TOULOUSE).<\/p>\n\n\n\n<figure class=\"wp-block-image aligncenter size-full has-custom-border\"><img loading=\"lazy\" decoding=\"async\" width=\"1000\" height=\"508\" src=\"https:\/\/www.pebayle.fr\/wp-content\/uploads\/2024\/01\/MEP1.jpg\" alt=\"\" class=\"has-border-color has-foreground-border-color wp-image-1024\" srcset=\"https:\/\/www.pebayle.fr\/wp-content\/uploads\/2024\/01\/MEP1.jpg 1000w, https:\/\/www.pebayle.fr\/wp-content\/uploads\/2024\/01\/MEP1-300x152.jpg 300w, https:\/\/www.pebayle.fr\/wp-content\/uploads\/2024\/01\/MEP1-768x390.jpg 768w\" sizes=\"auto, (max-width: 1000px) 100vw, 1000px\" \/><\/figure>\n\n\n\n<figure class=\"wp-block-gallery has-nested-images columns-2 is-cropped wp-block-gallery-1 is-layout-flex wp-block-gallery-is-layout-flex\">\n<figure data-wp-context=\"{&quot;imageId&quot;:&quot;69ef7c1f664e2&quot;}\" data-wp-interactive=\"core\/image\" data-wp-key=\"69ef7c1f664e2\" class=\"wp-block-image size-full has-custom-border wp-lightbox-container\"><img loading=\"lazy\" decoding=\"async\" width=\"1000\" height=\"667\" data-wp-class--hide=\"state.isContentHidden\" data-wp-class--show=\"state.isContentVisible\" data-wp-init=\"callbacks.setButtonStyles\" data-wp-on--click=\"actions.showLightbox\" data-wp-on--load=\"callbacks.setButtonStyles\" data-wp-on-window--resize=\"callbacks.setButtonStyles\" data-id=\"1025\" src=\"https:\/\/www.pebayle.fr\/wp-content\/uploads\/2024\/01\/MEP2.jpg\" alt=\"\" class=\"has-border-color has-foreground-border-color wp-image-1025\" srcset=\"https:\/\/www.pebayle.fr\/wp-content\/uploads\/2024\/01\/MEP2.jpg 1000w, https:\/\/www.pebayle.fr\/wp-content\/uploads\/2024\/01\/MEP2-300x200.jpg 300w, https:\/\/www.pebayle.fr\/wp-content\/uploads\/2024\/01\/MEP2-768x512.jpg 768w\" sizes=\"auto, (max-width: 1000px) 100vw, 1000px\" \/><button\n\t\t\tclass=\"lightbox-trigger\"\n\t\t\ttype=\"button\"\n\t\t\taria-haspopup=\"dialog\"\n\t\t\taria-label=\"Enlarge\"\n\t\t\tdata-wp-init=\"callbacks.initTriggerButton\"\n\t\t\tdata-wp-on--click=\"actions.showLightbox\"\n\t\t\tdata-wp-style--right=\"state.imageButtonRight\"\n\t\t\tdata-wp-style--top=\"state.imageButtonTop\"\n\t\t>\n\t\t\t<svg xmlns=\"http:\/\/www.w3.org\/2000\/svg\" width=\"12\" height=\"12\" fill=\"none\" viewBox=\"0 0 12 12\">\n\t\t\t\t<path fill=\"#fff\" d=\"M2 0a2 2 0 0 0-2 2v2h1.5V2a.5.5 0 0 1 .5-.5h2V0H2Zm2 10.5H2a.5.5 0 0 1-.5-.5V8H0v2a2 2 0 0 0 2 2h2v-1.5ZM8 12v-1.5h2a.5.5 0 0 0 .5-.5V8H12v2a2 2 0 0 1-2 2H8Zm2-12a2 2 0 0 1 2 2v2h-1.5V2a.5.5 0 0 0-.5-.5H8V0h2Z\" \/>\n\t\t\t<\/svg>\n\t\t<\/button><\/figure>\n\n\n\n<figure data-wp-context=\"{&quot;imageId&quot;:&quot;69ef7c1f67190&quot;}\" data-wp-interactive=\"core\/image\" data-wp-key=\"69ef7c1f67190\" class=\"wp-block-image size-full has-custom-border wp-lightbox-container\"><img loading=\"lazy\" decoding=\"async\" width=\"1000\" height=\"667\" data-wp-class--hide=\"state.isContentHidden\" data-wp-class--show=\"state.isContentVisible\" data-wp-init=\"callbacks.setButtonStyles\" data-wp-on--click=\"actions.showLightbox\" data-wp-on--load=\"callbacks.setButtonStyles\" data-wp-on-window--resize=\"callbacks.setButtonStyles\" data-id=\"1026\" src=\"https:\/\/www.pebayle.fr\/wp-content\/uploads\/2024\/01\/MEP3.jpg\" alt=\"\" class=\"has-border-color has-foreground-border-color wp-image-1026\" srcset=\"https:\/\/www.pebayle.fr\/wp-content\/uploads\/2024\/01\/MEP3.jpg 1000w, https:\/\/www.pebayle.fr\/wp-content\/uploads\/2024\/01\/MEP3-300x200.jpg 300w, https:\/\/www.pebayle.fr\/wp-content\/uploads\/2024\/01\/MEP3-768x512.jpg 768w\" sizes=\"auto, (max-width: 1000px) 100vw, 1000px\" \/><button\n\t\t\tclass=\"lightbox-trigger\"\n\t\t\ttype=\"button\"\n\t\t\taria-haspopup=\"dialog\"\n\t\t\taria-label=\"Enlarge\"\n\t\t\tdata-wp-init=\"callbacks.initTriggerButton\"\n\t\t\tdata-wp-on--click=\"actions.showLightbox\"\n\t\t\tdata-wp-style--right=\"state.imageButtonRight\"\n\t\t\tdata-wp-style--top=\"state.imageButtonTop\"\n\t\t>\n\t\t\t<svg xmlns=\"http:\/\/www.w3.org\/2000\/svg\" width=\"12\" height=\"12\" fill=\"none\" viewBox=\"0 0 12 12\">\n\t\t\t\t<path fill=\"#fff\" d=\"M2 0a2 2 0 0 0-2 2v2h1.5V2a.5.5 0 0 1 .5-.5h2V0H2Zm2 10.5H2a.5.5 0 0 1-.5-.5V8H0v2a2 2 0 0 0 2 2h2v-1.5ZM8 12v-1.5h2a.5.5 0 0 0 .5-.5V8H12v2a2 2 0 0 1-2 2H8Zm2-12a2 2 0 0 1 2 2v2h-1.5V2a.5.5 0 0 0-.5-.5H8V0h2Z\" \/>\n\t\t\t<\/svg>\n\t\t<\/button><\/figure>\n\n\n\n<figure data-wp-context=\"{&quot;imageId&quot;:&quot;69ef7c1f67d73&quot;}\" data-wp-interactive=\"core\/image\" data-wp-key=\"69ef7c1f67d73\" class=\"wp-block-image size-full has-custom-border wp-lightbox-container\"><img loading=\"lazy\" decoding=\"async\" width=\"1000\" height=\"1500\" data-wp-class--hide=\"state.isContentHidden\" data-wp-class--show=\"state.isContentVisible\" data-wp-init=\"callbacks.setButtonStyles\" data-wp-on--click=\"actions.showLightbox\" data-wp-on--load=\"callbacks.setButtonStyles\" data-wp-on-window--resize=\"callbacks.setButtonStyles\" data-id=\"1027\" src=\"https:\/\/www.pebayle.fr\/wp-content\/uploads\/2024\/01\/MEP4.jpg\" alt=\"\" class=\"has-border-color has-foreground-border-color wp-image-1027\" srcset=\"https:\/\/www.pebayle.fr\/wp-content\/uploads\/2024\/01\/MEP4.jpg 1000w, https:\/\/www.pebayle.fr\/wp-content\/uploads\/2024\/01\/MEP4-200x300.jpg 200w, https:\/\/www.pebayle.fr\/wp-content\/uploads\/2024\/01\/MEP4-683x1024.jpg 683w, https:\/\/www.pebayle.fr\/wp-content\/uploads\/2024\/01\/MEP4-768x1152.jpg 768w\" sizes=\"auto, (max-width: 1000px) 100vw, 1000px\" \/><button\n\t\t\tclass=\"lightbox-trigger\"\n\t\t\ttype=\"button\"\n\t\t\taria-haspopup=\"dialog\"\n\t\t\taria-label=\"Enlarge\"\n\t\t\tdata-wp-init=\"callbacks.initTriggerButton\"\n\t\t\tdata-wp-on--click=\"actions.showLightbox\"\n\t\t\tdata-wp-style--right=\"state.imageButtonRight\"\n\t\t\tdata-wp-style--top=\"state.imageButtonTop\"\n\t\t>\n\t\t\t<svg xmlns=\"http:\/\/www.w3.org\/2000\/svg\" width=\"12\" height=\"12\" fill=\"none\" viewBox=\"0 0 12 12\">\n\t\t\t\t<path fill=\"#fff\" d=\"M2 0a2 2 0 0 0-2 2v2h1.5V2a.5.5 0 0 1 .5-.5h2V0H2Zm2 10.5H2a.5.5 0 0 1-.5-.5V8H0v2a2 2 0 0 0 2 2h2v-1.5ZM8 12v-1.5h2a.5.5 0 0 0 .5-.5V8H12v2a2 2 0 0 1-2 2H8Zm2-12a2 2 0 0 1 2 2v2h-1.5V2a.5.5 0 0 0-.5-.5H8V0h2Z\" \/>\n\t\t\t<\/svg>\n\t\t<\/button><\/figure>\n\n\n\n<figure data-wp-context=\"{&quot;imageId&quot;:&quot;69ef7c1f6892b&quot;}\" data-wp-interactive=\"core\/image\" data-wp-key=\"69ef7c1f6892b\" class=\"wp-block-image size-full has-custom-border wp-lightbox-container\"><img loading=\"lazy\" decoding=\"async\" width=\"1000\" height=\"667\" data-wp-class--hide=\"state.isContentHidden\" data-wp-class--show=\"state.isContentVisible\" data-wp-init=\"callbacks.setButtonStyles\" data-wp-on--click=\"actions.showLightbox\" data-wp-on--load=\"callbacks.setButtonStyles\" data-wp-on-window--resize=\"callbacks.setButtonStyles\" data-id=\"1028\" src=\"https:\/\/www.pebayle.fr\/wp-content\/uploads\/2024\/01\/MEP5.jpg\" alt=\"\" class=\"has-border-color has-foreground-border-color wp-image-1028\" srcset=\"https:\/\/www.pebayle.fr\/wp-content\/uploads\/2024\/01\/MEP5.jpg 1000w, https:\/\/www.pebayle.fr\/wp-content\/uploads\/2024\/01\/MEP5-300x200.jpg 300w, https:\/\/www.pebayle.fr\/wp-content\/uploads\/2024\/01\/MEP5-768x512.jpg 768w\" sizes=\"auto, (max-width: 1000px) 100vw, 1000px\" \/><button\n\t\t\tclass=\"lightbox-trigger\"\n\t\t\ttype=\"button\"\n\t\t\taria-haspopup=\"dialog\"\n\t\t\taria-label=\"Enlarge\"\n\t\t\tdata-wp-init=\"callbacks.initTriggerButton\"\n\t\t\tdata-wp-on--click=\"actions.showLightbox\"\n\t\t\tdata-wp-style--right=\"state.imageButtonRight\"\n\t\t\tdata-wp-style--top=\"state.imageButtonTop\"\n\t\t>\n\t\t\t<svg xmlns=\"http:\/\/www.w3.org\/2000\/svg\" width=\"12\" height=\"12\" fill=\"none\" viewBox=\"0 0 12 12\">\n\t\t\t\t<path fill=\"#fff\" d=\"M2 0a2 2 0 0 0-2 2v2h1.5V2a.5.5 0 0 1 .5-.5h2V0H2Zm2 10.5H2a.5.5 0 0 1-.5-.5V8H0v2a2 2 0 0 0 2 2h2v-1.5ZM8 12v-1.5h2a.5.5 0 0 0 .5-.5V8H12v2a2 2 0 0 1-2 2H8Zm2-12a2 2 0 0 1 2 2v2h-1.5V2a.5.5 0 0 0-.5-.5H8V0h2Z\" \/>\n\t\t\t<\/svg>\n\t\t<\/button><\/figure>\n<\/figure>\n\n\n\n<ul class=\"wp-block-list\">\n<li>American Cosmograph: Cin\u00e9ma art et essai au c\u0153ur de Toulouse (ex Utopia) : films ind\u00e9pendants, soir\u00e9es-d\u00e9bats, cin\u00e9-concerts, programmations th\u00e9matiques, projections festives.<\/li>\n<\/ul>\n\n\n\n<p class=\"has-text-align-center\">Extrait du reportage Avant\/Apr\u00e8s travaux au cin\u00e9ma American Cosmograph (AFA &#8211;<strong>A<\/strong>LMUDEVER\u00a0<strong>F<\/strong>ABRIQUE d\u2019<strong>A<\/strong>RCHITECTURE).<\/p>\n\n\n\n<figure class=\"wp-block-image aligncenter size-full has-custom-border\"><img loading=\"lazy\" decoding=\"async\" width=\"720\" height=\"480\" src=\"https:\/\/www.pebayle.fr\/wp-content\/uploads\/2023\/11\/A.Cosmo_.jpg\" alt=\"\" class=\"has-border-color has-foreground-border-color wp-image-859\" srcset=\"https:\/\/www.pebayle.fr\/wp-content\/uploads\/2023\/11\/A.Cosmo_.jpg 720w, https:\/\/www.pebayle.fr\/wp-content\/uploads\/2023\/11\/A.Cosmo_-300x200.jpg 300w\" sizes=\"auto, (max-width: 720px) 100vw, 720px\" \/><\/figure>\n\n\n\n<figure class=\"wp-block-gallery has-nested-images columns-2 is-cropped wp-block-gallery-2 is-layout-flex wp-block-gallery-is-layout-flex\">\n<figure data-wp-context=\"{&quot;imageId&quot;:&quot;69ef7c1f69cf1&quot;}\" data-wp-interactive=\"core\/image\" data-wp-key=\"69ef7c1f69cf1\" class=\"wp-block-image size-full has-custom-border wp-lightbox-container\"><img loading=\"lazy\" decoding=\"async\" width=\"720\" height=\"459\" data-wp-class--hide=\"state.isContentHidden\" data-wp-class--show=\"state.isContentVisible\" data-wp-init=\"callbacks.setButtonStyles\" data-wp-on--click=\"actions.showLightbox\" data-wp-on--load=\"callbacks.setButtonStyles\" data-wp-on-window--resize=\"callbacks.setButtonStyles\" data-id=\"857\" src=\"https:\/\/www.pebayle.fr\/wp-content\/uploads\/2023\/11\/A.Cosmo-11.jpg\" alt=\"\" class=\"has-border-color has-foreground-border-color wp-image-857\" srcset=\"https:\/\/www.pebayle.fr\/wp-content\/uploads\/2023\/11\/A.Cosmo-11.jpg 720w, https:\/\/www.pebayle.fr\/wp-content\/uploads\/2023\/11\/A.Cosmo-11-300x191.jpg 300w\" sizes=\"auto, (max-width: 720px) 100vw, 720px\" \/><button\n\t\t\tclass=\"lightbox-trigger\"\n\t\t\ttype=\"button\"\n\t\t\taria-haspopup=\"dialog\"\n\t\t\taria-label=\"Enlarge\"\n\t\t\tdata-wp-init=\"callbacks.initTriggerButton\"\n\t\t\tdata-wp-on--click=\"actions.showLightbox\"\n\t\t\tdata-wp-style--right=\"state.imageButtonRight\"\n\t\t\tdata-wp-style--top=\"state.imageButtonTop\"\n\t\t>\n\t\t\t<svg xmlns=\"http:\/\/www.w3.org\/2000\/svg\" width=\"12\" height=\"12\" fill=\"none\" viewBox=\"0 0 12 12\">\n\t\t\t\t<path fill=\"#fff\" d=\"M2 0a2 2 0 0 0-2 2v2h1.5V2a.5.5 0 0 1 .5-.5h2V0H2Zm2 10.5H2a.5.5 0 0 1-.5-.5V8H0v2a2 2 0 0 0 2 2h2v-1.5ZM8 12v-1.5h2a.5.5 0 0 0 .5-.5V8H12v2a2 2 0 0 1-2 2H8Zm2-12a2 2 0 0 1 2 2v2h-1.5V2a.5.5 0 0 0-.5-.5H8V0h2Z\" \/>\n\t\t\t<\/svg>\n\t\t<\/button><\/figure>\n\n\n\n<figure data-wp-context=\"{&quot;imageId&quot;:&quot;69ef7c1f6a891&quot;}\" data-wp-interactive=\"core\/image\" data-wp-key=\"69ef7c1f6a891\" class=\"wp-block-image size-full has-custom-border wp-lightbox-container\"><img loading=\"lazy\" decoding=\"async\" width=\"720\" height=\"480\" data-wp-class--hide=\"state.isContentHidden\" data-wp-class--show=\"state.isContentVisible\" data-wp-init=\"callbacks.setButtonStyles\" data-wp-on--click=\"actions.showLightbox\" data-wp-on--load=\"callbacks.setButtonStyles\" data-wp-on-window--resize=\"callbacks.setButtonStyles\" data-id=\"858\" src=\"https:\/\/www.pebayle.fr\/wp-content\/uploads\/2023\/11\/A.Cosmo-12.jpg\" alt=\"\" class=\"has-border-color has-foreground-border-color wp-image-858\" srcset=\"https:\/\/www.pebayle.fr\/wp-content\/uploads\/2023\/11\/A.Cosmo-12.jpg 720w, https:\/\/www.pebayle.fr\/wp-content\/uploads\/2023\/11\/A.Cosmo-12-300x200.jpg 300w\" sizes=\"auto, (max-width: 720px) 100vw, 720px\" \/><button\n\t\t\tclass=\"lightbox-trigger\"\n\t\t\ttype=\"button\"\n\t\t\taria-haspopup=\"dialog\"\n\t\t\taria-label=\"Enlarge\"\n\t\t\tdata-wp-init=\"callbacks.initTriggerButton\"\n\t\t\tdata-wp-on--click=\"actions.showLightbox\"\n\t\t\tdata-wp-style--right=\"state.imageButtonRight\"\n\t\t\tdata-wp-style--top=\"state.imageButtonTop\"\n\t\t>\n\t\t\t<svg xmlns=\"http:\/\/www.w3.org\/2000\/svg\" width=\"12\" height=\"12\" fill=\"none\" viewBox=\"0 0 12 12\">\n\t\t\t\t<path fill=\"#fff\" d=\"M2 0a2 2 0 0 0-2 2v2h1.5V2a.5.5 0 0 1 .5-.5h2V0H2Zm2 10.5H2a.5.5 0 0 1-.5-.5V8H0v2a2 2 0 0 0 2 2h2v-1.5ZM8 12v-1.5h2a.5.5 0 0 0 .5-.5V8H12v2a2 2 0 0 1-2 2H8Zm2-12a2 2 0 0 1 2 2v2h-1.5V2a.5.5 0 0 0-.5-.5H8V0h2Z\" \/>\n\t\t\t<\/svg>\n\t\t<\/button><\/figure>\n\n\n\n<figure data-wp-context=\"{&quot;imageId&quot;:&quot;69ef7c1f6b428&quot;}\" data-wp-interactive=\"core\/image\" data-wp-key=\"69ef7c1f6b428\" class=\"wp-block-image size-full has-custom-border wp-lightbox-container\"><img loading=\"lazy\" decoding=\"async\" width=\"720\" height=\"458\" data-wp-class--hide=\"state.isContentHidden\" data-wp-class--show=\"state.isContentVisible\" data-wp-init=\"callbacks.setButtonStyles\" data-wp-on--click=\"actions.showLightbox\" data-wp-on--load=\"callbacks.setButtonStyles\" data-wp-on-window--resize=\"callbacks.setButtonStyles\" data-id=\"853\" src=\"https:\/\/www.pebayle.fr\/wp-content\/uploads\/2023\/11\/A.Cosmo-2.jpg\" alt=\"\" class=\"has-border-color has-foreground-border-color wp-image-853\" srcset=\"https:\/\/www.pebayle.fr\/wp-content\/uploads\/2023\/11\/A.Cosmo-2.jpg 720w, https:\/\/www.pebayle.fr\/wp-content\/uploads\/2023\/11\/A.Cosmo-2-300x191.jpg 300w\" sizes=\"auto, (max-width: 720px) 100vw, 720px\" \/><button\n\t\t\tclass=\"lightbox-trigger\"\n\t\t\ttype=\"button\"\n\t\t\taria-haspopup=\"dialog\"\n\t\t\taria-label=\"Enlarge\"\n\t\t\tdata-wp-init=\"callbacks.initTriggerButton\"\n\t\t\tdata-wp-on--click=\"actions.showLightbox\"\n\t\t\tdata-wp-style--right=\"state.imageButtonRight\"\n\t\t\tdata-wp-style--top=\"state.imageButtonTop\"\n\t\t>\n\t\t\t<svg xmlns=\"http:\/\/www.w3.org\/2000\/svg\" width=\"12\" height=\"12\" fill=\"none\" viewBox=\"0 0 12 12\">\n\t\t\t\t<path fill=\"#fff\" d=\"M2 0a2 2 0 0 0-2 2v2h1.5V2a.5.5 0 0 1 .5-.5h2V0H2Zm2 10.5H2a.5.5 0 0 1-.5-.5V8H0v2a2 2 0 0 0 2 2h2v-1.5ZM8 12v-1.5h2a.5.5 0 0 0 .5-.5V8H12v2a2 2 0 0 1-2 2H8Zm2-12a2 2 0 0 1 2 2v2h-1.5V2a.5.5 0 0 0-.5-.5H8V0h2Z\" \/>\n\t\t\t<\/svg>\n\t\t<\/button><\/figure>\n\n\n\n<figure data-wp-context=\"{&quot;imageId&quot;:&quot;69ef7c1f6bfe2&quot;}\" data-wp-interactive=\"core\/image\" data-wp-key=\"69ef7c1f6bfe2\" class=\"wp-block-image size-full has-custom-border wp-lightbox-container\"><img loading=\"lazy\" decoding=\"async\" width=\"720\" height=\"456\" data-wp-class--hide=\"state.isContentHidden\" data-wp-class--show=\"state.isContentVisible\" data-wp-init=\"callbacks.setButtonStyles\" data-wp-on--click=\"actions.showLightbox\" data-wp-on--load=\"callbacks.setButtonStyles\" data-wp-on-window--resize=\"callbacks.setButtonStyles\" data-id=\"854\" src=\"https:\/\/www.pebayle.fr\/wp-content\/uploads\/2023\/11\/A.Cosmo-3.jpg\" alt=\"\" class=\"has-border-color has-foreground-border-color wp-image-854\" srcset=\"https:\/\/www.pebayle.fr\/wp-content\/uploads\/2023\/11\/A.Cosmo-3.jpg 720w, https:\/\/www.pebayle.fr\/wp-content\/uploads\/2023\/11\/A.Cosmo-3-300x190.jpg 300w\" sizes=\"auto, (max-width: 720px) 100vw, 720px\" \/><button\n\t\t\tclass=\"lightbox-trigger\"\n\t\t\ttype=\"button\"\n\t\t\taria-haspopup=\"dialog\"\n\t\t\taria-label=\"Enlarge\"\n\t\t\tdata-wp-init=\"callbacks.initTriggerButton\"\n\t\t\tdata-wp-on--click=\"actions.showLightbox\"\n\t\t\tdata-wp-style--right=\"state.imageButtonRight\"\n\t\t\tdata-wp-style--top=\"state.imageButtonTop\"\n\t\t>\n\t\t\t<svg xmlns=\"http:\/\/www.w3.org\/2000\/svg\" width=\"12\" height=\"12\" fill=\"none\" viewBox=\"0 0 12 12\">\n\t\t\t\t<path fill=\"#fff\" d=\"M2 0a2 2 0 0 0-2 2v2h1.5V2a.5.5 0 0 1 .5-.5h2V0H2Zm2 10.5H2a.5.5 0 0 1-.5-.5V8H0v2a2 2 0 0 0 2 2h2v-1.5ZM8 12v-1.5h2a.5.5 0 0 0 .5-.5V8H12v2a2 2 0 0 1-2 2H8Zm2-12a2 2 0 0 1 2 2v2h-1.5V2a.5.5 0 0 0-.5-.5H8V0h2Z\" \/>\n\t\t\t<\/svg>\n\t\t<\/button><\/figure>\n\n\n\n<figure data-wp-context=\"{&quot;imageId&quot;:&quot;69ef7c1f6cd0f&quot;}\" data-wp-interactive=\"core\/image\" data-wp-key=\"69ef7c1f6cd0f\" class=\"wp-block-image size-full has-custom-border wp-lightbox-container\"><img loading=\"lazy\" decoding=\"async\" width=\"720\" height=\"460\" data-wp-class--hide=\"state.isContentHidden\" data-wp-class--show=\"state.isContentVisible\" data-wp-init=\"callbacks.setButtonStyles\" data-wp-on--click=\"actions.showLightbox\" data-wp-on--load=\"callbacks.setButtonStyles\" data-wp-on-window--resize=\"callbacks.setButtonStyles\" data-id=\"855\" src=\"https:\/\/www.pebayle.fr\/wp-content\/uploads\/2023\/11\/A.Cosmo-7.jpg\" alt=\"\" class=\"has-border-color has-foreground-border-color wp-image-855\" srcset=\"https:\/\/www.pebayle.fr\/wp-content\/uploads\/2023\/11\/A.Cosmo-7.jpg 720w, https:\/\/www.pebayle.fr\/wp-content\/uploads\/2023\/11\/A.Cosmo-7-300x192.jpg 300w\" sizes=\"auto, (max-width: 720px) 100vw, 720px\" \/><button\n\t\t\tclass=\"lightbox-trigger\"\n\t\t\ttype=\"button\"\n\t\t\taria-haspopup=\"dialog\"\n\t\t\taria-label=\"Enlarge\"\n\t\t\tdata-wp-init=\"callbacks.initTriggerButton\"\n\t\t\tdata-wp-on--click=\"actions.showLightbox\"\n\t\t\tdata-wp-style--right=\"state.imageButtonRight\"\n\t\t\tdata-wp-style--top=\"state.imageButtonTop\"\n\t\t>\n\t\t\t<svg xmlns=\"http:\/\/www.w3.org\/2000\/svg\" width=\"12\" height=\"12\" fill=\"none\" viewBox=\"0 0 12 12\">\n\t\t\t\t<path fill=\"#fff\" d=\"M2 0a2 2 0 0 0-2 2v2h1.5V2a.5.5 0 0 1 .5-.5h2V0H2Zm2 10.5H2a.5.5 0 0 1-.5-.5V8H0v2a2 2 0 0 0 2 2h2v-1.5ZM8 12v-1.5h2a.5.5 0 0 0 .5-.5V8H12v2a2 2 0 0 1-2 2H8Zm2-12a2 2 0 0 1 2 2v2h-1.5V2a.5.5 0 0 0-.5-.5H8V0h2Z\" \/>\n\t\t\t<\/svg>\n\t\t<\/button><\/figure>\n\n\n\n<figure data-wp-context=\"{&quot;imageId&quot;:&quot;69ef7c1f6d8e9&quot;}\" data-wp-interactive=\"core\/image\" data-wp-key=\"69ef7c1f6d8e9\" class=\"wp-block-image size-full has-custom-border wp-lightbox-container\"><img loading=\"lazy\" decoding=\"async\" width=\"720\" height=\"456\" data-wp-class--hide=\"state.isContentHidden\" data-wp-class--show=\"state.isContentVisible\" data-wp-init=\"callbacks.setButtonStyles\" data-wp-on--click=\"actions.showLightbox\" data-wp-on--load=\"callbacks.setButtonStyles\" data-wp-on-window--resize=\"callbacks.setButtonStyles\" data-id=\"856\" src=\"https:\/\/www.pebayle.fr\/wp-content\/uploads\/2023\/11\/A.Cosmo-8.jpg\" alt=\"\" class=\"has-border-color has-foreground-border-color wp-image-856\" srcset=\"https:\/\/www.pebayle.fr\/wp-content\/uploads\/2023\/11\/A.Cosmo-8.jpg 720w, https:\/\/www.pebayle.fr\/wp-content\/uploads\/2023\/11\/A.Cosmo-8-300x190.jpg 300w\" sizes=\"auto, (max-width: 720px) 100vw, 720px\" \/><button\n\t\t\tclass=\"lightbox-trigger\"\n\t\t\ttype=\"button\"\n\t\t\taria-haspopup=\"dialog\"\n\t\t\taria-label=\"Enlarge\"\n\t\t\tdata-wp-init=\"callbacks.initTriggerButton\"\n\t\t\tdata-wp-on--click=\"actions.showLightbox\"\n\t\t\tdata-wp-style--right=\"state.imageButtonRight\"\n\t\t\tdata-wp-style--top=\"state.imageButtonTop\"\n\t\t>\n\t\t\t<svg xmlns=\"http:\/\/www.w3.org\/2000\/svg\" width=\"12\" height=\"12\" fill=\"none\" viewBox=\"0 0 12 12\">\n\t\t\t\t<path fill=\"#fff\" d=\"M2 0a2 2 0 0 0-2 2v2h1.5V2a.5.5 0 0 1 .5-.5h2V0H2Zm2 10.5H2a.5.5 0 0 1-.5-.5V8H0v2a2 2 0 0 0 2 2h2v-1.5ZM8 12v-1.5h2a.5.5 0 0 0 .5-.5V8H12v2a2 2 0 0 1-2 2H8Zm2-12a2 2 0 0 1 2 2v2h-1.5V2a.5.5 0 0 0-.5-.5H8V0h2Z\" \/>\n\t\t\t<\/svg>\n\t\t<\/button><\/figure>\n<\/figure>\n\n\n\n<ul class=\"wp-block-list\">\n<li>La&nbsp;<em>cath\u00e9drale Sainte<\/em>&#8211;<em>C\u00e9cile<\/em>&nbsp;d&#8217;<em>Albi<\/em><\/li>\n<\/ul>\n\n\n\n<p>Extrait du reportage pour la soci\u00e9t\u00e9 Targetti (fabriquant de luminaires) pour la mise en valeur de la cath\u00e9drale apr\u00e8s travaux de r\u00e9novation de l&#8217;\u00e9clairage int\u00e9rieur.<\/p>\n\n\n\n<figure class=\"wp-block-image size-full has-custom-border\"><img loading=\"lazy\" decoding=\"async\" width=\"973\" height=\"647\" src=\"https:\/\/www.pebayle.fr\/wp-content\/uploads\/2023\/05\/Albi1.jpg\" alt=\"\" class=\"has-border-color has-foreground-border-color wp-image-670\" srcset=\"https:\/\/www.pebayle.fr\/wp-content\/uploads\/2023\/05\/Albi1.jpg 973w, https:\/\/www.pebayle.fr\/wp-content\/uploads\/2023\/05\/Albi1-300x199.jpg 300w, https:\/\/www.pebayle.fr\/wp-content\/uploads\/2023\/05\/Albi1-768x511.jpg 768w\" sizes=\"auto, (max-width: 973px) 100vw, 973px\" \/><\/figure>\n\n\n\n<figure class=\"wp-block-image size-full has-custom-border\"><img loading=\"lazy\" decoding=\"async\" width=\"907\" height=\"907\" src=\"https:\/\/www.pebayle.fr\/wp-content\/uploads\/2023\/05\/Albi2.jpg\" alt=\"\" class=\"has-border-color has-foreground-border-color wp-image-672\" srcset=\"https:\/\/www.pebayle.fr\/wp-content\/uploads\/2023\/05\/Albi2.jpg 907w, https:\/\/www.pebayle.fr\/wp-content\/uploads\/2023\/05\/Albi2-300x300.jpg 300w, https:\/\/www.pebayle.fr\/wp-content\/uploads\/2023\/05\/Albi2-150x150.jpg 150w, https:\/\/www.pebayle.fr\/wp-content\/uploads\/2023\/05\/Albi2-768x768.jpg 768w\" sizes=\"auto, (max-width: 907px) 100vw, 907px\" \/><\/figure>\n\n\n\n<figure class=\"wp-block-gallery has-nested-images columns-default is-cropped wp-block-gallery-3 is-layout-flex wp-block-gallery-is-layout-flex\">\n<figure class=\"wp-block-image size-full has-custom-border\"><img loading=\"lazy\" decoding=\"async\" width=\"597\" height=\"902\" data-id=\"675\" src=\"https:\/\/www.pebayle.fr\/wp-content\/uploads\/2023\/05\/Albi3.jpg\" alt=\"\" class=\"has-border-color has-foreground-border-color wp-image-675\" srcset=\"https:\/\/www.pebayle.fr\/wp-content\/uploads\/2023\/05\/Albi3.jpg 597w, https:\/\/www.pebayle.fr\/wp-content\/uploads\/2023\/05\/Albi3-199x300.jpg 199w\" sizes=\"auto, (max-width: 597px) 100vw, 597px\" \/><\/figure>\n\n\n\n<figure class=\"wp-block-image size-full has-custom-border\"><img loading=\"lazy\" decoding=\"async\" width=\"592\" height=\"898\" data-id=\"676\" src=\"https:\/\/www.pebayle.fr\/wp-content\/uploads\/2023\/05\/Albi4.jpg\" alt=\"\" class=\"has-border-color has-foreground-border-color wp-image-676\" srcset=\"https:\/\/www.pebayle.fr\/wp-content\/uploads\/2023\/05\/Albi4.jpg 592w, https:\/\/www.pebayle.fr\/wp-content\/uploads\/2023\/05\/Albi4-198x300.jpg 198w\" sizes=\"auto, (max-width: 592px) 100vw, 592px\" \/><\/figure>\n<\/figure>\n\n\n\n<ul class=\"wp-block-list\">\n<li>EIMA : Ecole Internationale du Manga et de l&#8217;Animation (Toulouse)<\/li>\n<\/ul>\n\n\n\n<p>Extrait du reportage dans les locaux de l&#8217;EIMA<\/p>\n\n\n\n<figure class=\"wp-block-image size-full has-custom-border\"><img loading=\"lazy\" decoding=\"async\" width=\"967\" height=\"447\" src=\"https:\/\/www.pebayle.fr\/wp-content\/uploads\/2023\/05\/Eima1.jpg\" alt=\"\" class=\"has-border-color has-foreground-border-color wp-image-677\" srcset=\"https:\/\/www.pebayle.fr\/wp-content\/uploads\/2023\/05\/Eima1.jpg 967w, https:\/\/www.pebayle.fr\/wp-content\/uploads\/2023\/05\/Eima1-300x139.jpg 300w, https:\/\/www.pebayle.fr\/wp-content\/uploads\/2023\/05\/Eima1-768x355.jpg 768w\" sizes=\"auto, (max-width: 967px) 100vw, 967px\" \/><\/figure>\n\n\n\n<figure class=\"wp-block-gallery has-nested-images columns-default is-cropped wp-block-gallery-4 is-layout-flex wp-block-gallery-is-layout-flex\">\n<figure class=\"wp-block-image size-full has-custom-border\"><img loading=\"lazy\" decoding=\"async\" width=\"597\" height=\"900\" data-id=\"680\" src=\"https:\/\/www.pebayle.fr\/wp-content\/uploads\/2023\/05\/Eima4.jpg\" alt=\"\" class=\"has-border-color has-foreground-border-color wp-image-680\" srcset=\"https:\/\/www.pebayle.fr\/wp-content\/uploads\/2023\/05\/Eima4.jpg 597w, https:\/\/www.pebayle.fr\/wp-content\/uploads\/2023\/05\/Eima4-199x300.jpg 199w\" sizes=\"auto, (max-width: 597px) 100vw, 597px\" \/><\/figure>\n\n\n\n<figure class=\"wp-block-image size-full has-custom-border\"><img loading=\"lazy\" decoding=\"async\" width=\"978\" height=\"648\" data-id=\"678\" src=\"https:\/\/www.pebayle.fr\/wp-content\/uploads\/2023\/05\/Eima2.jpg\" alt=\"\" class=\"has-border-color has-foreground-border-color wp-image-678\" srcset=\"https:\/\/www.pebayle.fr\/wp-content\/uploads\/2023\/05\/Eima2.jpg 978w, https:\/\/www.pebayle.fr\/wp-content\/uploads\/2023\/05\/Eima2-300x199.jpg 300w, https:\/\/www.pebayle.fr\/wp-content\/uploads\/2023\/05\/Eima2-768x509.jpg 768w\" sizes=\"auto, (max-width: 978px) 100vw, 978px\" \/><\/figure>\n\n\n\n<figure class=\"wp-block-image size-full has-custom-border\"><img loading=\"lazy\" decoding=\"async\" width=\"975\" height=\"647\" data-id=\"679\" src=\"https:\/\/www.pebayle.fr\/wp-content\/uploads\/2023\/05\/Eima3.jpg\" alt=\"\" class=\"has-border-color has-foreground-border-color wp-image-679\" srcset=\"https:\/\/www.pebayle.fr\/wp-content\/uploads\/2023\/05\/Eima3.jpg 975w, https:\/\/www.pebayle.fr\/wp-content\/uploads\/2023\/05\/Eima3-300x199.jpg 300w, https:\/\/www.pebayle.fr\/wp-content\/uploads\/2023\/05\/Eima3-768x510.jpg 768w\" sizes=\"auto, (max-width: 975px) 100vw, 975px\" \/><\/figure>\n<\/figure>\n","protected":false},"excerpt":{"rendered":"<p>Extrait du reportage MEP (IAM ARCHITECTES TOULOUSE). Extrait du reportage Avant\/Apr\u00e8s travaux au cin\u00e9ma American Cosmograph (AFA &#8211;ALMUDEVER\u00a0FABRIQUE d\u2019ARCHITECTURE). Extrait du reportage pour la soci\u00e9t\u00e9 Targetti (fabriquant de luminaires) pour la mise en valeur de la cath\u00e9drale apr\u00e8s travaux de r\u00e9novation de l&#8217;\u00e9clairage int\u00e9rieur. Extrait du reportage dans les locaux de l&#8217;EIMA<\/p>\n","protected":false},"author":1,"featured_media":0,"parent":0,"menu_order":0,"comment_status":"closed","ping_status":"closed","template":"wp-custom-template-page-np","meta":{"footnotes":""},"class_list":["post-464","page","type-page","status-publish","hentry"],"_links":{"self":[{"href":"https:\/\/www.pebayle.fr\/index.php\/wp-json\/wp\/v2\/pages\/464","targetHints":{"allow":["GET"]}}],"collection":[{"href":"https:\/\/www.pebayle.fr\/index.php\/wp-json\/wp\/v2\/pages"}],"about":[{"href":"https:\/\/www.pebayle.fr\/index.php\/wp-json\/wp\/v2\/types\/page"}],"author":[{"embeddable":true,"href":"https:\/\/www.pebayle.fr\/index.php\/wp-json\/wp\/v2\/users\/1"}],"replies":[{"embeddable":true,"href":"https:\/\/www.pebayle.fr\/index.php\/wp-json\/wp\/v2\/comments?post=464"}],"version-history":[{"count":15,"href":"https:\/\/www.pebayle.fr\/index.php\/wp-json\/wp\/v2\/pages\/464\/revisions"}],"predecessor-version":[{"id":1029,"href":"https:\/\/www.pebayle.fr\/index.php\/wp-json\/wp\/v2\/pages\/464\/revisions\/1029"}],"wp:attachment":[{"href":"https:\/\/www.pebayle.fr\/index.php\/wp-json\/wp\/v2\/media?parent=464"}],"curies":[{"name":"wp","href":"https:\/\/api.w.org\/{rel}","templated":true}]}}