{"id":610,"date":"2023-05-05T22:44:37","date_gmt":"2023-05-05T22:44:37","guid":{"rendered":"https:\/\/www.pebayle.fr\/?page_id=610"},"modified":"2026-03-28T09:43:09","modified_gmt":"2026-03-28T09:43:09","slug":"qr","status":"publish","type":"page","link":"https:\/\/www.pebayle.fr\/index.php\/qr\/","title":{"rendered":"Retrouve ta photo"},"content":{"rendered":"\n<div class=\"wp-block-group is-layout-constrained wp-block-group-is-layout-constrained\">\n<div class=\"wp-block-columns is-layout-flex wp-container-core-columns-is-layout-28f84493 wp-block-columns-is-layout-flex\">\n<div class=\"wp-block-column is-vertically-aligned-center is-layout-flow wp-block-column-is-layout-flow\">\n<div class=\"wp-block-cover is-light\" style=\"padding-top:55px;padding-right:55px;padding-bottom:55px;padding-left:55px;min-height:150px;aspect-ratio:unset;\"><img loading=\"lazy\" decoding=\"async\" width=\"709\" height=\"272\" class=\"wp-block-cover__image-background wp-image-660\" alt=\"\" src=\"https:\/\/www.pebayle.fr\/wp-content\/uploads\/2023\/05\/Et-copie-1.png\" data-object-fit=\"cover\" srcset=\"https:\/\/www.pebayle.fr\/wp-content\/uploads\/2023\/05\/Et-copie-1.png 709w, https:\/\/www.pebayle.fr\/wp-content\/uploads\/2023\/05\/Et-copie-1-300x115.png 300w\" sizes=\"auto, (max-width: 709px) 100vw, 709px\" \/><span aria-hidden=\"true\" class=\"wp-block-cover__background has-background-dim-0 has-background-dim\"><\/span><div class=\"wp-block-cover__inner-container is-layout-flow wp-block-cover-is-layout-flow\">\n<form target=\"_blank\" action=\"https:\/\/www.pebayle.fr\/index.php\/ta-photo\/\">\n<CENTER>\n<div style=\"background-color:transparent;\"> \n  <label for=\"code\">CODE:<\/label><br>\n  <input type=\"text\" id=\"code\" name=\"code\"><br>\n  <label for=\"session\">Session:<\/label><br>\n  <input type=\"text\" id=\"session\" name=\"session\"><br><br>\n  <input type=\"submit\" value=\"Envoyer\">\n<\/div>\n<\/CENTER>\n<\/form>\n<\/div><\/div>\n<\/div>\n<\/div>\n<\/div>\n\n\n\n<p class=\"has-text-align-center\">Les photos sont disponible sous 24 \u00e0 48h apr\u00e8s l&#8217;\u00e9v\u00e8nement<\/p>\n","protected":false},"excerpt":{"rendered":"<p>Les photos sont disponible sous 24 \u00e0 48h apr\u00e8s l&#8217;\u00e9v\u00e8nement<\/p>\n","protected":false},"author":1,"featured_media":0,"parent":0,"menu_order":0,"comment_status":"closed","ping_status":"closed","template":"wp-custom-template-page-np","meta":{"footnotes":""},"class_list":["post-610","page","type-page","status-publish","hentry"],"_links":{"self":[{"href":"https:\/\/www.pebayle.fr\/index.php\/wp-json\/wp\/v2\/pages\/610","targetHints":{"allow":["GET"]}}],"collection":[{"href":"https:\/\/www.pebayle.fr\/index.php\/wp-json\/wp\/v2\/pages"}],"about":[{"href":"https:\/\/www.pebayle.fr\/index.php\/wp-json\/wp\/v2\/types\/page"}],"author":[{"embeddable":true,"href":"https:\/\/www.pebayle.fr\/index.php\/wp-json\/wp\/v2\/users\/1"}],"replies":[{"embeddable":true,"href":"https:\/\/www.pebayle.fr\/index.php\/wp-json\/wp\/v2\/comments?post=610"}],"version-history":[{"count":42,"href":"https:\/\/www.pebayle.fr\/index.php\/wp-json\/wp\/v2\/pages\/610\/revisions"}],"predecessor-version":[{"id":1683,"href":"https:\/\/www.pebayle.fr\/index.php\/wp-json\/wp\/v2\/pages\/610\/revisions\/1683"}],"wp:attachment":[{"href":"https:\/\/www.pebayle.fr\/index.php\/wp-json\/wp\/v2\/media?parent=610"}],"curies":[{"name":"wp","href":"https:\/\/api.w.org\/{rel}","templated":true}]}}