{"id":865,"date":"2023-11-09T16:00:32","date_gmt":"2023-11-09T16:00:32","guid":{"rendered":"https:\/\/www.pebayle.fr\/?page_id=865"},"modified":"2025-02-27T17:05:11","modified_gmt":"2025-02-27T17:05:11","slug":"cadeau-unique-pour-noel","status":"publish","type":"page","link":"https:\/\/www.pebayle.fr\/index.php\/cadeau-unique-pour-noel\/","title":{"rendered":"Offrez un cadeau unique et original pour No\u00ebl !"},"content":{"rendered":"\n<p class=\"has-text-align-center\">Un tirage sur bois, c&#8217;est un cadeau unique et original qui fera sensation \u00e0 No\u00ebl. Il est r\u00e9alis\u00e9 \u00e0 partir d&#8217;un portrait, une photo de famille&#8230; r\u00e9alis\u00e9es par nos soins en studio itin\u00e9rant ou a domicile, puis le tirage est transf\u00e9r\u00e9 sur bois.<\/p>\n\n\n\n<figure class=\"wp-block-image size-large\"><img loading=\"lazy\" decoding=\"async\" width=\"1024\" height=\"1024\" src=\"https:\/\/www.pebayle.fr\/wp-content\/uploads\/2025\/02\/1-1024x1024.png\" alt=\"\" class=\"wp-image-1450\" srcset=\"https:\/\/www.pebayle.fr\/wp-content\/uploads\/2025\/02\/1-1024x1024.png 1024w, https:\/\/www.pebayle.fr\/wp-content\/uploads\/2025\/02\/1-300x300.png 300w, https:\/\/www.pebayle.fr\/wp-content\/uploads\/2025\/02\/1-150x150.png 150w, https:\/\/www.pebayle.fr\/wp-content\/uploads\/2025\/02\/1-768x768.png 768w, https:\/\/www.pebayle.fr\/wp-content\/uploads\/2025\/02\/1.png 1080w\" sizes=\"auto, (max-width: 1024px) 100vw, 1024px\" \/><\/figure>\n\n\n\n<p class=\"has-text-align-center\">Nous vous guiderons pour prendre les meilleures photos, et nous nous occuperons de tout le reste.<\/p>\n\n\n\n<figure class=\"wp-block-image size-large\"><img loading=\"lazy\" decoding=\"async\" width=\"1024\" height=\"1024\" src=\"https:\/\/www.pebayle.fr\/wp-content\/uploads\/2025\/02\/2-1024x1024.png\" alt=\"\" class=\"wp-image-1451\" srcset=\"https:\/\/www.pebayle.fr\/wp-content\/uploads\/2025\/02\/2-1024x1024.png 1024w, https:\/\/www.pebayle.fr\/wp-content\/uploads\/2025\/02\/2-300x300.png 300w, https:\/\/www.pebayle.fr\/wp-content\/uploads\/2025\/02\/2-150x150.png 150w, https:\/\/www.pebayle.fr\/wp-content\/uploads\/2025\/02\/2-768x768.png 768w, https:\/\/www.pebayle.fr\/wp-content\/uploads\/2025\/02\/2.png 1080w\" sizes=\"auto, (max-width: 1024px) 100vw, 1024px\" \/><\/figure>\n\n\n\n<div class=\"wp-block-buttons is-content-justification-center is-layout-flex wp-container-core-buttons-is-layout-a89b3969 wp-block-buttons-is-layout-flex\">\n<div class=\"wp-block-button has-custom-width wp-block-button__width-25 is-style-fill\"><a class=\"wp-block-button__link has-primary-color has-secondary-background-color has-text-color has-background has-link-color has-text-align-center wp-element-button\" href=\"https:\/\/www.pebayle.fr\/index.php\/contact\/\">R\u00e9servez votre session photo d\u00e8s aujourd&#8217;hui!<\/a><\/div>\n<\/div>\n\n\n\n<p class=\"has-text-align-center has-extra-small-font-size\">Les tirages sur bois sont disponibles dans une vari\u00e9t\u00e9 de tailles et de formats. Ils peuvent \u00eatre encadr\u00e9s ou non, selon vos pr\u00e9f\u00e9rences (devis et d\u00e9lais suppl\u00e9mentaires n\u00e9cessaires pour les commandes sp\u00e9ciales).<\/p>\n\n\n\n<p><\/p>\n","protected":false},"excerpt":{"rendered":"<p>Un tirage sur bois, c&#8217;est un cadeau unique et original qui fera sensation \u00e0 No\u00ebl. Il est r\u00e9alis\u00e9 \u00e0 partir d&#8217;un portrait, une photo de famille&#8230; r\u00e9alis\u00e9es par nos soins en studio itin\u00e9rant ou a domicile, puis le tirage est transf\u00e9r\u00e9 sur bois. Nous vous guiderons pour prendre les meilleures photos, et nous nous occuperons&hellip; &#8212;<\/p>\n","protected":false},"author":1,"featured_media":0,"parent":0,"menu_order":0,"comment_status":"closed","ping_status":"closed","template":"wp-custom-template-page-np","meta":{"footnotes":""},"class_list":["post-865","page","type-page","status-publish","hentry"],"_links":{"self":[{"href":"https:\/\/www.pebayle.fr\/index.php\/wp-json\/wp\/v2\/pages\/865","targetHints":{"allow":["GET"]}}],"collection":[{"href":"https:\/\/www.pebayle.fr\/index.php\/wp-json\/wp\/v2\/pages"}],"about":[{"href":"https:\/\/www.pebayle.fr\/index.php\/wp-json\/wp\/v2\/types\/page"}],"author":[{"embeddable":true,"href":"https:\/\/www.pebayle.fr\/index.php\/wp-json\/wp\/v2\/users\/1"}],"replies":[{"embeddable":true,"href":"https:\/\/www.pebayle.fr\/index.php\/wp-json\/wp\/v2\/comments?post=865"}],"version-history":[{"count":10,"href":"https:\/\/www.pebayle.fr\/index.php\/wp-json\/wp\/v2\/pages\/865\/revisions"}],"predecessor-version":[{"id":1453,"href":"https:\/\/www.pebayle.fr\/index.php\/wp-json\/wp\/v2\/pages\/865\/revisions\/1453"}],"wp:attachment":[{"href":"https:\/\/www.pebayle.fr\/index.php\/wp-json\/wp\/v2\/media?parent=865"}],"curies":[{"name":"wp","href":"https:\/\/api.w.org\/{rel}","templated":true}]}}