{"id":979,"date":"2023-11-22T11:13:09","date_gmt":"2023-11-22T11:13:09","guid":{"rendered":"https:\/\/www.pebayle.fr\/?page_id=979"},"modified":"2023-11-22T11:14:15","modified_gmt":"2023-11-22T11:14:15","slug":"animation-pere-noel","status":"publish","type":"page","link":"https:\/\/www.pebayle.fr\/index.php\/animation-pere-noel\/","title":{"rendered":"Animation P\u00e8re No\u00ebl"},"content":{"rendered":"\n<div style=\"margin-top:var(--wp--preset--spacing--20);margin-bottom:var(--wp--preset--spacing--20);height:20px\" aria-hidden=\"true\" class=\"wp-block-spacer\"><\/div>\n\n\n\n<figure class=\"wp-block-image alignwide size-large\"><img loading=\"lazy\" decoding=\"async\" width=\"1024\" height=\"314\" src=\"https:\/\/www.pebayle.fr\/wp-content\/uploads\/2023\/11\/banniere-noel-1110x340-1-1024x314.jpg\" alt=\"\" class=\"wp-image-977\" srcset=\"https:\/\/www.pebayle.fr\/wp-content\/uploads\/2023\/11\/banniere-noel-1110x340-1-1024x314.jpg 1024w, https:\/\/www.pebayle.fr\/wp-content\/uploads\/2023\/11\/banniere-noel-1110x340-1-300x92.jpg 300w, https:\/\/www.pebayle.fr\/wp-content\/uploads\/2023\/11\/banniere-noel-1110x340-1-768x235.jpg 768w, https:\/\/www.pebayle.fr\/wp-content\/uploads\/2023\/11\/banniere-noel-1110x340-1.jpg 1110w\" sizes=\"auto, (max-width: 1024px) 100vw, 1024px\" \/><\/figure>\n\n\n\n<div class=\"wp-block-group has-vertical-primary-secondary-gradient-background has-background is-layout-constrained wp-container-core-group-is-layout-46b365e2 wp-block-group-is-layout-constrained\" style=\"border-style:none;border-width:0px;padding-top:0;padding-right:0;padding-bottom:0;padding-left:0;font-size:1px\">\n<div style=\"margin-top:var(--wp--preset--spacing--20);margin-bottom:var(--wp--preset--spacing--20);height:12px\" aria-hidden=\"true\" class=\"wp-block-spacer\"><\/div>\n<\/div>\n\n\n\n<p class=\"has-text-align-center has-primary-color has-background-background-color has-text-color has-background has-link-color wp-elements-8f4e138f050d50cd6979267901ab86a9\">Les F\u00eates de fin d&#8217;ann\u00e9e approchent et vous avez envie de faire plaisirs \u00e0 vos clients, visiteurs, ou bien encore aux enfants de vos collaborateurs?                                               <strong>Notre P\u00e8re Noel est l\u00e0 pour vous! <\/strong>                                                                                      Le P\u00e8re No\u00ebl est dans le c\u0153ur de toutes et de tous, quel que soit notre \u00e2ge. Un parfum de nostalgie qui redonnera le sourire \u00e0 tous. R\u00e9solument traditionnel, mais moderne aussi: notre P\u00e8re No\u00ebl posera pour des photos et des selfies.<\/p>\n\n\n\n<div class=\"wp-block-group has-vertical-primary-secondary-gradient-background has-background is-layout-constrained wp-container-core-group-is-layout-46b365e2 wp-block-group-is-layout-constrained\" style=\"border-style:none;border-width:0px;padding-top:0;padding-right:0;padding-bottom:0;padding-left:0;font-size:1px\">\n<div style=\"margin-top:var(--wp--preset--spacing--20);margin-bottom:var(--wp--preset--spacing--20);height:12px\" aria-hidden=\"true\" class=\"wp-block-spacer\"><\/div>\n<\/div>\n\n\n\n<figure class=\"wp-block-image aligncenter size-full has-custom-border\"><img loading=\"lazy\" decoding=\"async\" width=\"720\" height=\"480\" src=\"https:\/\/www.pebayle.fr\/wp-content\/uploads\/2023\/11\/Noel1.jpg\" alt=\"\" class=\"has-border-color has-foreground-border-color wp-image-983\" srcset=\"https:\/\/www.pebayle.fr\/wp-content\/uploads\/2023\/11\/Noel1.jpg 720w, https:\/\/www.pebayle.fr\/wp-content\/uploads\/2023\/11\/Noel1-300x200.jpg 300w\" sizes=\"auto, (max-width: 720px) 100vw, 720px\" \/><\/figure>\n\n\n\n<div class=\"wp-block-group has-vertical-primary-secondary-gradient-background has-background is-layout-flow wp-block-group-is-layout-flow\" style=\"font-size:1px\">\n<div style=\"margin-top:0;margin-bottom:0;height:12px\" aria-hidden=\"true\" class=\"wp-block-spacer\"><\/div>\n<\/div>\n\n\n\n<p>Notre Pere No\u00ebl est un Cosplayer : c&#8217;est une personne habitu\u00e9e \u00e0 se costumer et \u00e0 prendre le temps pour les photos avec les gens. C&#8217;est un professionnel.<\/p>\n\n\n\n<p>Sur votre demande, il peut participer \u00e0 la distribution de cadeaux et de bonbons.<\/p>\n\n\n\n<p><a>LES AVANTAGES DE NOTRE P\u00c8RE NO\u00cbL<\/a><\/p>\n\n\n\n<ul class=\"wp-block-list\">\n<li>Professionnel<\/li>\n\n\n\n<li>Costume de qualit\u00e9 en velours bordeaux et doubl\u00e9 de satin<\/li>\n\n\n\n<li>Barbe et Perruque de haute qualit\u00e9 pour une illusion parfaite<\/li>\n\n\n\n<li>Photocall num\u00e9rique et\/ou papier<\/li>\n\n\n\n<li>Animation en int\u00e9rieur et\/ou en ext\u00e9rieur<\/li>\n<\/ul>\n\n\n\n<p><a>LA PHOTO AVEC LE P\u00c8RE NO\u00cbL<\/a><\/p>\n\n\n\n<p>Notre photographe est un photographe chevronn\u00e9 ayant travaill\u00e9 avec des tr\u00e8s nombreux artistes internationaux : aucun risque d&#8217;avoir une photo floue, mal cadr\u00e9e, mal \u00e9clair\u00e9e : le r\u00e9sultat sera \u00e0 la hauteur de vos esp\u00e9rances ! Nous proposons les photos sur un fond vert qui permet d&#8217;incruster de magnifiques d\u00e9cors. Les photos sont imm\u00e9\u00addiatement visibles sur notre grand \u00e9cran pour un \u00e9merveillement imm\u00e9diat.<\/p>\n\n\n\n<p>Possibilit\u00e9 de vous fournir l&#8217;ensemble des photos en version num\u00e9rique pour alimenter vos r\u00e9seaux sociaux : les visiteurs retournent sur vos pages pour t\u00e9l\u00e9charger gratuitement leur photo, incluant votre logo.<\/p>\n\n\n\n<p>Possibilit\u00e9 d&#8217;impression directe sur papier photo (\u00e0 partir du format 10&#215;15), incluant votre logo.<\/p>\n\n\n\n<figure class=\"wp-block-image aligncenter size-medium has-custom-border\"><img loading=\"lazy\" decoding=\"async\" width=\"300\" height=\"200\" src=\"https:\/\/www.pebayle.fr\/wp-content\/uploads\/2023\/11\/Noel2-300x200.jpg\" alt=\"\" class=\"has-border-color has-foreground-border-color wp-image-984\" style=\"aspect-ratio:3\/2;object-fit:cover\" srcset=\"https:\/\/www.pebayle.fr\/wp-content\/uploads\/2023\/11\/Noel2-300x200.jpg 300w, https:\/\/www.pebayle.fr\/wp-content\/uploads\/2023\/11\/Noel2.jpg 720w\" sizes=\"auto, (max-width: 300px) 100vw, 300px\" \/><\/figure>\n\n\n\n<p><a>LE P\u00c8RE NO\u00cbL : UNE OPPORTUNIT\u00c9 POUR VOTRE ACTIVIT\u00c9<\/a><\/p>\n\n\n\n<p>Quelle que soit votre activit\u00e9, communiquer sur la pr\u00e9sence du P\u00e8re No\u00ebl attirera vos clients, qui viendront dans une p\u00e9riode souvent charg\u00e9e, accompagn\u00e9s de leurs enfants et vous permettra de pr\u00e9senter vos offres dans un cadre moins solennel qu&#8217;habituellement.<\/p>\n\n\n\n<p><a>UNE ANIMATION QUI S&#8217;ADAPTE \u00c0 VOTRE STRUCTURE<\/a><\/p>\n\n\n\n<p>Pas besoin de beaucoup de place ! Nous vous demandons une loge pour le P\u00e8re No\u00ebl et un acc\u00e8s \u00e0 l&#8217;\u00e9l\u00e9ctricit\u00e9 pour notre photocall. C&#8217;est tout.<\/p>\n\n\n\n<div class=\"wp-block-group has-vertical-primary-secondary-gradient-background has-background is-layout-flow wp-block-group-is-layout-flow\" style=\"font-size:1px\">\n<div style=\"margin-top:0;margin-bottom:0;height:12px\" aria-hidden=\"true\" class=\"wp-block-spacer\"><\/div>\n<\/div>\n\n\n\n<div class=\"wp-block-group is-layout-constrained wp-block-group-is-layout-constrained\">\n<div class=\"wp-block-cover\"><span aria-hidden=\"true\" class=\"wp-block-cover__background has-background-dim-10 has-background-dim\"><\/span><img loading=\"lazy\" decoding=\"async\" width=\"1500\" height=\"844\" class=\"wp-block-cover__image-background wp-image-986\" alt=\"\" src=\"https:\/\/www.pebayle.fr\/wp-content\/uploads\/2023\/11\/Noel4.jpg\" data-object-fit=\"cover\" srcset=\"https:\/\/www.pebayle.fr\/wp-content\/uploads\/2023\/11\/Noel4.jpg 1500w, https:\/\/www.pebayle.fr\/wp-content\/uploads\/2023\/11\/Noel4-300x169.jpg 300w, https:\/\/www.pebayle.fr\/wp-content\/uploads\/2023\/11\/Noel4-1024x576.jpg 1024w, https:\/\/www.pebayle.fr\/wp-content\/uploads\/2023\/11\/Noel4-768x432.jpg 768w\" sizes=\"auto, (max-width: 1500px) 100vw, 1500px\" \/><div class=\"wp-block-cover__inner-container is-layout-flow wp-block-cover-is-layout-flow\">\n<div class=\"wp-block-group is-style-blockette-box-shadow has-foreground-color has-secondary-background-color has-text-color has-background is-vertical is-content-justification-center is-layout-flex wp-container-core-group-is-layout-8d792388 wp-block-group-is-layout-flex\" style=\"border-radius:15px;padding-top:var(--wp--preset--spacing--20);padding-right:var(--wp--preset--spacing--20);padding-bottom:var(--wp--preset--spacing--20);padding-left:var(--wp--preset--spacing--20)\">\n<p class=\"has-text-align-center\">Pour cela, je vous propose une prestation totalement adapt\u00e9e \u00e0 vos besoins:<\/p>\n<\/div>\n\n\n\n<div style=\"height:41px\" aria-hidden=\"true\" class=\"wp-block-spacer\"><\/div>\n\n\n\n<div class=\"wp-block-columns is-layout-flex wp-container-core-columns-is-layout-28f84493 wp-block-columns-is-layout-flex\">\n<div class=\"wp-block-column is-layout-flow wp-block-column-is-layout-flow\">\n<div class=\"wp-block-group is-style-blockette-box-shadow has-secondary-color has-primary-background-color has-text-color has-background is-vertical is-content-justification-left is-layout-flex wp-container-core-group-is-layout-e86e7bca wp-block-group-is-layout-flex\" style=\"border-style:none;border-width:0px;border-radius:15px;padding-top:var(--wp--preset--spacing--30);padding-right:var(--wp--preset--spacing--30);padding-bottom:var(--wp--preset--spacing--30);padding-left:var(--wp--preset--spacing--30)\">\n<p class=\"has-text-align-center has-normal-font-size\"><strong>Dur\u00e9e de la prestation<\/strong><\/p>\n\n\n\n<p class=\"has-text-align-center\" style=\"font-size:0.75rem\"><em>de quelques heures \u00e0 plusieurs jours<\/em><\/p>\n<\/div>\n<\/div>\n\n\n\n<div class=\"wp-block-column is-layout-flow wp-block-column-is-layout-flow\">\n<div class=\"wp-block-group is-style-blockette-box-shadow has-secondary-background-color has-background is-vertical is-layout-flex wp-container-core-group-is-layout-fe9cc265 wp-block-group-is-layout-flex\" style=\"border-radius:15px\">\n<p class=\"has-text-align-center has-foreground-color has-text-color has-normal-font-size\"><strong>Volume de prise de vues<\/strong><\/p>\n\n\n\n<p class=\"has-text-align-center has-foreground-color has-text-color\" style=\"font-size:0.75rem\">10 ? 50 ? 100? 200? ou photos \u00e0 l&#8217;heure?<\/p>\n<\/div>\n<\/div>\n\n\n\n<div class=\"wp-block-column is-layout-flow wp-block-column-is-layout-flow\">\n<div class=\"wp-block-group is-style-blockette-box-shadow has-secondary-color has-primary-background-color has-text-color has-background is-vertical is-layout-flex wp-container-core-group-is-layout-2aed03d6 wp-block-group-is-layout-flex\" style=\"border-style:none;border-width:0px;border-radius:15px;padding-top:var(--wp--preset--spacing--30);padding-right:var(--wp--preset--spacing--30);padding-bottom:var(--wp--preset--spacing--30);padding-left:var(--wp--preset--spacing--30)\">\n<p class=\"has-text-align-center has-normal-font-size\"><strong>Taille du studio mobile<\/strong><\/p>\n\n\n\n<p class=\"has-text-align-center\" style=\"font-size:0.75rem\">3x3m? 5x4m? plus? moins?<\/p>\n<\/div>\n<\/div>\n\n\n\n<div class=\"wp-block-column is-layout-flow wp-block-column-is-layout-flow\">\n<div class=\"wp-block-group is-style-blockette-box-shadow has-secondary-background-color has-background is-vertical is-layout-flex wp-container-core-group-is-layout-2aed03d6 wp-block-group-is-layout-flex\" style=\"border-radius:15px;padding-top:var(--wp--preset--spacing--30);padding-right:var(--wp--preset--spacing--30);padding-bottom:var(--wp--preset--spacing--30);padding-left:var(--wp--preset--spacing--30)\">\n<p class=\"has-text-align-center has-foreground-color has-text-color has-normal-font-size\"><strong>Diffusion<\/strong><\/p>\n\n\n\n<p class=\"has-text-align-center has-foreground-color has-text-color\" style=\"font-size:0.75rem\">Num\u00e9rique? Papier? <\/p>\n\n\n\n<p class=\"has-text-align-center has-foreground-color has-text-color\" style=\"font-size:0.75rem\">Tirage imm\u00e9diat 10&#215;15, 15&#215;23 ? Galerie  priv\u00e9e? Envoi par mail?<\/p>\n<\/div>\n<\/div>\n<\/div>\n<\/div><\/div>\n<\/div>\n\n\n\n<div class=\"wp-block-group alignwide is-layout-flow wp-block-group-is-layout-flow\" style=\"padding-top:0px;padding-right:0px;padding-bottom:0px;padding-left:0px\">\n<h2 class=\"wp-block-heading has-medium-font-size\"><mark style=\"background-color:rgba(0, 0, 0, 0)\" class=\"has-inline-color has-primary-color\">\u2192 <\/mark>Infos \/ Tarifs <\/h2>\n\n\n\n<div class=\"wp-block-group is-layout-constrained wp-block-group-is-layout-constrained\">\n<div class=\"wp-block-columns has-vertical-background-secondary-gradient-background has-background is-layout-flex wp-container-core-columns-is-layout-244aab75 wp-block-columns-is-layout-flex\" style=\"padding-top:var(--wp--preset--spacing--40);padding-right:var(--wp--preset--spacing--40);padding-bottom:var(--wp--preset--spacing--40);padding-left:var(--wp--preset--spacing--40)\">\n<div class=\"wp-block-column is-layout-flow wp-block-column-is-layout-flow\">\n<div class=\"wp-block-group has-primary-background-color has-background is-vertical is-layout-flex wp-container-core-group-is-layout-fe9cc265 wp-block-group-is-layout-flex\" style=\"border-radius:25px\">\n<p class=\"has-secondary-color has-text-color\">Chaque projet est diff\u00e9rent, et fera l&#8217;objet d&#8217;un devis sp\u00e9cifique en fonction de vos besoins et vos attentes<\/p>\n<\/div>\n<\/div>\n\n\n\n<div class=\"wp-block-column is-style-default is-layout-flow wp-block-column-is-layout-flow\">\n<p>Pour me contacter par mail ou t\u00e9l\u00e9phone:<\/p>\n\n\n\n<ul class=\"wp-block-social-links has-large-icon-size is-content-justification-center is-layout-flex wp-container-core-social-links-is-layout-a89b3969 wp-block-social-links-is-layout-flex\"><li class=\"wp-social-link wp-social-link-mail  wp-block-social-link\"><a href=\"mailto:n&#105;&#099;&#111;las&#046;&#112;&#104;&#111;&#116;o&#115;&#064;p&#101;&#098;&#097;&#121;&#108;e.f&#114;\" class=\"wp-block-social-link-anchor\"><svg width=\"24\" height=\"24\" viewBox=\"0 0 24 24\" version=\"1.1\" xmlns=\"http:\/\/www.w3.org\/2000\/svg\" aria-hidden=\"true\" focusable=\"false\"><path d=\"M19,5H5c-1.1,0-2,.9-2,2v10c0,1.1.9,2,2,2h14c1.1,0,2-.9,2-2V7c0-1.1-.9-2-2-2zm.5,12c0,.3-.2.5-.5.5H5c-.3,0-.5-.2-.5-.5V9.8l7.5,5.6,7.5-5.6V17zm0-9.1L12,13.6,4.5,7.9V7c0-.3.2-.5.5-.5h14c.3,0,.5.2.5.5v.9z\"><\/path><\/svg><span class=\"wp-block-social-link-label screen-reader-text\">Mail<\/span><\/a><\/li><\/ul>\n<\/div>\n<\/div>\n<\/div>\n<\/div>\n","protected":false},"excerpt":{"rendered":"<p>Les F\u00eates de fin d&#8217;ann\u00e9e approchent et vous avez envie de faire plaisirs \u00e0 vos clients, visiteurs, ou bien encore aux enfants de vos collaborateurs? Notre P\u00e8re Noel est l\u00e0 pour vous! Le P\u00e8re No\u00ebl est dans le c\u0153ur de toutes et de tous, quel que soit notre \u00e2ge. Un parfum de nostalgie qui redonnera&hellip; &#8212;<\/p>\n","protected":false},"author":1,"featured_media":0,"parent":0,"menu_order":0,"comment_status":"closed","ping_status":"closed","template":"wp-custom-template-page-np","meta":{"footnotes":""},"class_list":["post-979","page","type-page","status-publish","hentry"],"_links":{"self":[{"href":"https:\/\/www.pebayle.fr\/index.php\/wp-json\/wp\/v2\/pages\/979","targetHints":{"allow":["GET"]}}],"collection":[{"href":"https:\/\/www.pebayle.fr\/index.php\/wp-json\/wp\/v2\/pages"}],"about":[{"href":"https:\/\/www.pebayle.fr\/index.php\/wp-json\/wp\/v2\/types\/page"}],"author":[{"embeddable":true,"href":"https:\/\/www.pebayle.fr\/index.php\/wp-json\/wp\/v2\/users\/1"}],"replies":[{"embeddable":true,"href":"https:\/\/www.pebayle.fr\/index.php\/wp-json\/wp\/v2\/comments?post=979"}],"version-history":[{"count":1,"href":"https:\/\/www.pebayle.fr\/index.php\/wp-json\/wp\/v2\/pages\/979\/revisions"}],"predecessor-version":[{"id":987,"href":"https:\/\/www.pebayle.fr\/index.php\/wp-json\/wp\/v2\/pages\/979\/revisions\/987"}],"wp:attachment":[{"href":"https:\/\/www.pebayle.fr\/index.php\/wp-json\/wp\/v2\/media?parent=979"}],"curies":[{"name":"wp","href":"https:\/\/api.w.org\/{rel}","templated":true}]}}